{"id":687,"date":"2022-04-01T11:00:19","date_gmt":"2022-04-01T11:00:19","guid":{"rendered":"https:\/\/www.talecsystem.com\/?page_id=687"},"modified":"2023-04-28T13:50:41","modified_gmt":"2023-04-28T13:50:41","slug":"partners","status":"publish","type":"page","link":"https:\/\/www.talecsystem.com\/es\/partners\/","title":{"rendered":"Partners"},"content":{"rendered":"\t\t<div data-elementor-type=\"wp-page\" data-elementor-id=\"687\" class=\"elementor elementor-687\">\n\t\t\t\t\t\t<section class=\"elementor-section elementor-top-section elementor-element elementor-element-5990009 elementor-section-boxed elementor-section-height-default elementor-section-height-default\" data-id=\"5990009\" data-element_type=\"section\">\n\t\t\t\t\t\t<div class=\"elementor-container elementor-column-gap-default\">\n\t\t\t\t\t<div class=\"elementor-column elementor-col-100 elementor-top-column elementor-element elementor-element-d6ce882\" data-id=\"d6ce882\" data-element_type=\"column\">\n\t\t\t<div class=\"elementor-widget-wrap elementor-element-populated\">\n\t\t\t\t\t\t<div class=\"elementor-element elementor-element-0a30994 elementor-widget elementor-widget-text-editor\" data-id=\"0a30994\" data-element_type=\"widget\" data-widget_type=\"text-editor.default\">\n\t\t\t\t<div class=\"elementor-widget-container\">\n\t\t\t\t\t\t\t\t\t<p><strong>TalecSystem<\/strong>\u00a0mantiene alianzas con entidades p\u00fablicas y privadas, proveedores de servicios y de comercializaci\u00f3n, pudiendo de esta forma ofrecer soluciones globales y soluciones locales, adaptadas a cada caso.<\/p>\t\t\t\t\t\t\t\t<\/div>\n\t\t\t\t<\/div>\n\t\t\t\t\t<\/div>\n\t\t<\/div>\n\t\t\t\t\t<\/div>\n\t\t<\/section>\n\t\t\t\t<section class=\"elementor-section elementor-top-section elementor-element elementor-element-598adbf elementor-section-boxed elementor-section-height-default elementor-section-height-default\" data-id=\"598adbf\" data-element_type=\"section\">\n\t\t\t\t\t\t<div class=\"elementor-container elementor-column-gap-default\">\n\t\t\t\t\t<div class=\"elementor-column elementor-col-25 elementor-top-column elementor-element elementor-element-b50b23c\" data-id=\"b50b23c\" data-element_type=\"column\" data-settings=\"{&quot;background_background&quot;:&quot;slideshow&quot;,&quot;background_slideshow_gallery&quot;:[],&quot;background_slideshow_loop&quot;:&quot;yes&quot;,&quot;background_slideshow_slide_duration&quot;:5000,&quot;background_slideshow_slide_transition&quot;:&quot;fade&quot;,&quot;background_slideshow_transition_duration&quot;:500}\">\n\t\t\t<div class=\"elementor-widget-wrap elementor-element-populated\">\n\t\t\t\t\t\t<div class=\"elementor-element elementor-element-df7c0b7 elementor-widget elementor-widget-image\" data-id=\"df7c0b7\" data-element_type=\"widget\" data-widget_type=\"image.default\">\n\t\t\t\t<div class=\"elementor-widget-container\">\n\t\t\t\t\t\t\t\t\t\t\t\t\t\t\t\t<a href=\"https:\/\/www.ups.com\/es\/es\/Home.page\" target=\"_blank\">\n\t\t\t\t\t\t\t<img decoding=\"async\" width=\"300\" height=\"150\" src=\"https:\/\/www.talecsystem.com\/wp-content\/uploads\/2023\/04\/ups-1.png\" class=\"elementor-animation-shrink attachment-large size-large wp-image-2019\" alt=\"\" srcset=\"https:\/\/www.talecsystem.com\/wp-content\/uploads\/2023\/04\/ups-1.png 300w, https:\/\/www.talecsystem.com\/wp-content\/uploads\/2023\/04\/ups-1-260x130.png 260w, https:\/\/www.talecsystem.com\/wp-content\/uploads\/2023\/04\/ups-1-50x25.png 50w, https:\/\/www.talecsystem.com\/wp-content\/uploads\/2023\/04\/ups-1-150x75.png 150w\" sizes=\"(max-width:767px) 300px, 300px\" \/>\t\t\t\t\t\t\t\t<\/a>\n\t\t\t\t\t\t\t\t\t\t\t\t\t\t\t<\/div>\n\t\t\t\t<\/div>\n\t\t\t\t\t<\/div>\n\t\t<\/div>\n\t\t\t\t<div class=\"elementor-column elementor-col-25 elementor-top-column elementor-element elementor-element-fec2c42\" data-id=\"fec2c42\" data-element_type=\"column\" data-settings=\"{&quot;background_background&quot;:&quot;slideshow&quot;,&quot;background_slideshow_gallery&quot;:[],&quot;background_slideshow_loop&quot;:&quot;yes&quot;,&quot;background_slideshow_slide_duration&quot;:5000,&quot;background_slideshow_slide_transition&quot;:&quot;fade&quot;,&quot;background_slideshow_transition_duration&quot;:500}\">\n\t\t\t<div class=\"elementor-widget-wrap elementor-element-populated\">\n\t\t\t\t\t\t<div class=\"elementor-element elementor-element-1a41198 elementor-widget elementor-widget-image\" data-id=\"1a41198\" data-element_type=\"widget\" data-widget_type=\"image.default\">\n\t\t\t\t<div class=\"elementor-widget-container\">\n\t\t\t\t\t\t\t\t\t\t\t\t\t\t\t<img decoding=\"async\" width=\"300\" height=\"150\" src=\"https:\/\/www.talecsystem.com\/wp-content\/uploads\/2023\/04\/bankinter.png\" class=\"elementor-animation-shrink attachment-large size-large wp-image-2032\" alt=\"\" srcset=\"https:\/\/www.talecsystem.com\/wp-content\/uploads\/2023\/04\/bankinter.png 300w, https:\/\/www.talecsystem.com\/wp-content\/uploads\/2023\/04\/bankinter-260x130.png 260w, https:\/\/www.talecsystem.com\/wp-content\/uploads\/2023\/04\/bankinter-50x25.png 50w, https:\/\/www.talecsystem.com\/wp-content\/uploads\/2023\/04\/bankinter-150x75.png 150w\" sizes=\"(max-width:767px) 300px, 300px\" \/>\t\t\t\t\t\t\t\t\t\t\t\t\t\t\t<\/div>\n\t\t\t\t<\/div>\n\t\t\t\t\t<\/div>\n\t\t<\/div>\n\t\t\t\t<div class=\"elementor-column elementor-col-25 elementor-top-column elementor-element elementor-element-23d6d4d\" data-id=\"23d6d4d\" data-element_type=\"column\">\n\t\t\t<div class=\"elementor-widget-wrap elementor-element-populated\">\n\t\t\t\t\t\t<div class=\"elementor-element elementor-element-b292024 elementor-widget elementor-widget-image\" data-id=\"b292024\" data-element_type=\"widget\" data-widget_type=\"image.default\">\n\t\t\t\t<div class=\"elementor-widget-container\">\n\t\t\t\t\t\t\t\t\t\t\t\t\t\t\t\t<a href=\"https:\/\/www.civicos.com\/\" target=\"_blank\">\n\t\t\t\t\t\t\t<img decoding=\"async\" width=\"300\" height=\"150\" src=\"https:\/\/www.talecsystem.com\/wp-content\/uploads\/2020\/05\/civicos.jpg\" class=\"elementor-animation-shrink attachment-large size-large wp-image-87\" alt=\"\" srcset=\"https:\/\/www.talecsystem.com\/wp-content\/uploads\/2020\/05\/civicos.jpg 300w, https:\/\/www.talecsystem.com\/wp-content\/uploads\/2020\/05\/civicos-260x130.jpg 260w, https:\/\/www.talecsystem.com\/wp-content\/uploads\/2020\/05\/civicos-50x25.jpg 50w, https:\/\/www.talecsystem.com\/wp-content\/uploads\/2020\/05\/civicos-150x75.jpg 150w\" sizes=\"(max-width:767px) 300px, 300px\" \/>\t\t\t\t\t\t\t\t<\/a>\n\t\t\t\t\t\t\t\t\t\t\t\t\t\t\t<\/div>\n\t\t\t\t<\/div>\n\t\t\t\t\t<\/div>\n\t\t<\/div>\n\t\t\t\t<div class=\"elementor-column elementor-col-25 elementor-top-column elementor-element elementor-element-2c93e5e\" data-id=\"2c93e5e\" data-element_type=\"column\">\n\t\t\t<div class=\"elementor-widget-wrap elementor-element-populated\">\n\t\t\t\t\t\t<div class=\"elementor-element elementor-element-40f9947 elementor-widget elementor-widget-image\" data-id=\"40f9947\" data-element_type=\"widget\" data-widget_type=\"image.default\">\n\t\t\t\t<div class=\"elementor-widget-container\">\n\t\t\t\t\t\t\t\t\t\t\t\t\t\t\t\t<a href=\"https:\/\/clusterlogistic.org\/es\/\" target=\"_blank\">\n\t\t\t\t\t\t\t<img loading=\"lazy\" decoding=\"async\" width=\"300\" height=\"150\" src=\"https:\/\/www.talecsystem.com\/wp-content\/uploads\/2023\/04\/Logo_Cluster_Logistica.png\" class=\"elementor-animation-shrink attachment-large size-large wp-image-2024\" alt=\"\" srcset=\"https:\/\/www.talecsystem.com\/wp-content\/uploads\/2023\/04\/Logo_Cluster_Logistica.png 300w, https:\/\/www.talecsystem.com\/wp-content\/uploads\/2023\/04\/Logo_Cluster_Logistica-260x130.png 260w, https:\/\/www.talecsystem.com\/wp-content\/uploads\/2023\/04\/Logo_Cluster_Logistica-50x25.png 50w, https:\/\/www.talecsystem.com\/wp-content\/uploads\/2023\/04\/Logo_Cluster_Logistica-150x75.png 150w\" sizes=\"(max-width:767px) 300px, 300px\" \/>\t\t\t\t\t\t\t\t<\/a>\n\t\t\t\t\t\t\t\t\t\t\t\t\t\t\t<\/div>\n\t\t\t\t<\/div>\n\t\t\t\t\t<\/div>\n\t\t<\/div>\n\t\t\t\t\t<\/div>\n\t\t<\/section>\n\t\t\t\t<section class=\"elementor-section elementor-top-section elementor-element elementor-element-37d05c7 elementor-section-boxed elementor-section-height-default elementor-section-height-default\" data-id=\"37d05c7\" data-element_type=\"section\">\n\t\t\t\t\t\t<div class=\"elementor-container elementor-column-gap-default\">\n\t\t\t\t\t<div class=\"elementor-column elementor-col-100 elementor-top-column elementor-element elementor-element-728ec4f\" data-id=\"728ec4f\" data-element_type=\"column\">\n\t\t\t<div class=\"elementor-widget-wrap elementor-element-populated\">\n\t\t\t\t\t\t<div class=\"elementor-element elementor-element-47b0543 elementor-widget elementor-widget-shortcode\" data-id=\"47b0543\" data-element_type=\"widget\" data-widget_type=\"shortcode.default\">\n\t\t\t\t<div class=\"elementor-widget-container\">\n\t\t\t\t\t\t\t<div class=\"elementor-shortcode\"><div class=\"call_to_action\"><div class=\"call_to_action_wrapper\"><div class=\"call_left\"><h3 class=\"title \">\u00bfQuieres saber m\u00e1s sobre como podemos ayudarte?<\/h3><\/div><div class=\"call_center\"><a href=\"https:\/\/www.talecsystem.com\/contacto\/\" class=\"\"  ><span class=\"icon_wrapper\"><i class=\"icon-mail\" aria-hidden=\"true\"><\/i><\/span><\/a><\/div><div class=\"call_right\"><div class=\"desc\">\nDesde <strong>Talec System<\/strong> estamos encantados de ayudarte. No dejes de trasladarnos todas tus dudas a trav\u00e9s de nuestra \u00e1rea de contacto y en breve daremos respuesta a todo lo que necesites.  S\u00f3lo tienes que hacer click en el icono y rellenar el formulario.\n<\/div><\/div><\/div><\/div>\n<\/div>\n\t\t\t\t\t\t<\/div>\n\t\t\t\t<\/div>\n\t\t\t\t\t<\/div>\n\t\t<\/div>\n\t\t\t\t\t<\/div>\n\t\t<\/section>\n\t\t\t\t<\/div>\n\t\t","protected":false},"excerpt":{"rendered":"<p>TalecSystem\u00a0mantiene alianzas con entidades p\u00fablicas y privadas, proveedores de servicios y de comercializaci\u00f3n, pudiendo de esta forma ofrecer soluciones globales y soluciones locales, adaptadas a cada<span class=\"excerpt-hellip\"> [\u2026]<\/span><\/p>\n","protected":false},"author":2,"featured_media":0,"parent":0,"menu_order":0,"comment_status":"closed","ping_status":"closed","template":"","meta":{"footnotes":""},"class_list":["post-687","page","type-page","status-publish","hentry"],"_links":{"self":[{"href":"https:\/\/www.talecsystem.com\/es\/wp-json\/wp\/v2\/pages\/687","targetHints":{"allow":["GET"]}}],"collection":[{"href":"https:\/\/www.talecsystem.com\/es\/wp-json\/wp\/v2\/pages"}],"about":[{"href":"https:\/\/www.talecsystem.com\/es\/wp-json\/wp\/v2\/types\/page"}],"author":[{"embeddable":true,"href":"https:\/\/www.talecsystem.com\/es\/wp-json\/wp\/v2\/users\/2"}],"replies":[{"embeddable":true,"href":"https:\/\/www.talecsystem.com\/es\/wp-json\/wp\/v2\/comments?post=687"}],"version-history":[{"count":0,"href":"https:\/\/www.talecsystem.com\/es\/wp-json\/wp\/v2\/pages\/687\/revisions"}],"wp:attachment":[{"href":"https:\/\/www.talecsystem.com\/es\/wp-json\/wp\/v2\/media?parent=687"}],"curies":[{"name":"wp","href":"https:\/\/api.w.org\/{rel}","templated":true}]}}