{"id":1732,"date":"2022-07-12T07:28:10","date_gmt":"2022-07-12T07:28:10","guid":{"rendered":"https:\/\/www.talecsystem.com\/?page_id=1732"},"modified":"2022-07-12T07:28:41","modified_gmt":"2022-07-12T07:28:41","slug":"normas-generales-de-conducta","status":"publish","type":"page","link":"https:\/\/www.talecsystem.com\/es\/normas-generales-de-conducta\/","title":{"rendered":"Normas generales de conducta"},"content":{"rendered":"\t\t<div data-elementor-type=\"wp-page\" data-elementor-id=\"1732\" class=\"elementor elementor-1732\">\n\t\t\t\t\t\t<section class=\"elementor-section elementor-top-section elementor-element elementor-element-335fa00 elementor-section-boxed elementor-section-height-default elementor-section-height-default\" data-id=\"335fa00\" data-element_type=\"section\">\n\t\t\t\t\t\t<div class=\"elementor-container elementor-column-gap-default\">\n\t\t\t\t\t<div class=\"elementor-column elementor-col-100 elementor-top-column elementor-element elementor-element-e5a895e\" data-id=\"e5a895e\" data-element_type=\"column\">\n\t\t\t<div class=\"elementor-widget-wrap elementor-element-populated\">\n\t\t\t\t\t\t<div class=\"elementor-element elementor-element-7657b88 elementor-widget elementor-widget-text-editor\" data-id=\"7657b88\" data-element_type=\"widget\" data-widget_type=\"text-editor.default\">\n\t\t\t\t<div class=\"elementor-widget-container\">\n\t\t\t\t\t\t\t\t\t<p><strong>Compromiso con los derechos humanos y laborales<\/strong><\/p><p>Adhesi\u00f3n y respeto al Pacto Mundial de Naciones Unidas y a las declaraciones de la Organizaci\u00f3n Internacional del Trabajo.<\/p><p><strong>Competencia leal<\/strong><\/p><p>Compromiso para competir en los mercados de forma leal, cumpliendo con la normativa de defensa de la competencia.<\/p><p><strong>Medio ambiente<\/strong><\/p><p>Desarrollo de la actividad desde el respeto al medio ambiente, cumpliendo con los est\u00e1ndares establecidos en la normativa al respecto.<\/p><p>Compromiso con el desarrollo sostenible, que se sustenta en la puesta en marcha de una pol\u00edtica que permita tener identificados los efectos ambientales que genera cada una de sus actividades con el objetivo de minimizar el impacto ambiental.<\/p><p><strong>Seguridad y salud en el trabajo<\/strong><\/p><p>Protecci\u00f3n de la integridad y salud de nuestros empleados a trav\u00e9s de una pol\u00edtica de seguridad y salud en el trabajo, basada en el cumplimiento estricto de todas las regulaciones, la formaci\u00f3n y la gesti\u00f3n preventiva de los riesgos laborales.<\/p><p>Compromiso de dotar a nuestros empleados de los recursos necesarios para que puedan desempe\u00f1ar sus funciones con seguridad y en un entorno saludable. Compromiso de los empleados de observar un cumplimiento riguroso de las normas de salud y seguridad en el trabajo y de hacer un uso responsable del equipamiento que tengan asignado, velando por su propia seguridad y, en general, por la de todas las personas que pudieran verse afectadas por sus actividades.<\/p><p>Velar por la aplicaci\u00f3n, tanto por parte de los proveedores como de los subcontratistas con los que la Compa\u00f1\u00eda opere, del estricto cumplimiento de toda la normativa legal que les sea aplicable en materia de seguridad y salud en el trabajo y protecci\u00f3n del medioambiente.<\/p>\t\t\t\t\t\t\t\t<\/div>\n\t\t\t\t<\/div>\n\t\t\t\t\t<\/div>\n\t\t<\/div>\n\t\t\t\t\t<\/div>\n\t\t<\/section>\n\t\t\t\t<\/div>\n\t\t","protected":false},"excerpt":{"rendered":"<p>Compromiso con los derechos humanos y laborales Adhesi\u00f3n y respeto al Pacto Mundial de Naciones Unidas y a las declaraciones de la Organizaci\u00f3n Internacional del Trabajo.<span class=\"excerpt-hellip\"> [\u2026]<\/span><\/p>\n","protected":false},"author":2,"featured_media":0,"parent":0,"menu_order":0,"comment_status":"closed","ping_status":"closed","template":"","meta":{"footnotes":""},"class_list":["post-1732","page","type-page","status-publish","hentry"],"_links":{"self":[{"href":"https:\/\/www.talecsystem.com\/es\/wp-json\/wp\/v2\/pages\/1732","targetHints":{"allow":["GET"]}}],"collection":[{"href":"https:\/\/www.talecsystem.com\/es\/wp-json\/wp\/v2\/pages"}],"about":[{"href":"https:\/\/www.talecsystem.com\/es\/wp-json\/wp\/v2\/types\/page"}],"author":[{"embeddable":true,"href":"https:\/\/www.talecsystem.com\/es\/wp-json\/wp\/v2\/users\/2"}],"replies":[{"embeddable":true,"href":"https:\/\/www.talecsystem.com\/es\/wp-json\/wp\/v2\/comments?post=1732"}],"version-history":[{"count":0,"href":"https:\/\/www.talecsystem.com\/es\/wp-json\/wp\/v2\/pages\/1732\/revisions"}],"wp:attachment":[{"href":"https:\/\/www.talecsystem.com\/es\/wp-json\/wp\/v2\/media?parent=1732"}],"curies":[{"name":"wp","href":"https:\/\/api.w.org\/{rel}","templated":true}]}}