{"id":1727,"date":"2022-07-12T07:25:26","date_gmt":"2022-07-12T07:25:26","guid":{"rendered":"https:\/\/www.talecsystem.com\/?page_id=1727"},"modified":"2022-07-13T09:38:56","modified_gmt":"2022-07-13T09:38:56","slug":"destinatarios","status":"publish","type":"page","link":"https:\/\/www.talecsystem.com\/es\/destinatarios\/","title":{"rendered":"Destinatarios"},"content":{"rendered":"\t\t<div data-elementor-type=\"wp-page\" data-elementor-id=\"1727\" class=\"elementor elementor-1727\">\n\t\t\t\t\t\t<section class=\"elementor-section elementor-top-section elementor-element elementor-element-f5c5809 elementor-section-boxed elementor-section-height-default elementor-section-height-default\" data-id=\"f5c5809\" data-element_type=\"section\">\n\t\t\t\t\t\t<div class=\"elementor-container elementor-column-gap-default\">\n\t\t\t\t\t<div class=\"elementor-column elementor-col-100 elementor-top-column elementor-element elementor-element-0aec8f2\" data-id=\"0aec8f2\" data-element_type=\"column\">\n\t\t\t<div class=\"elementor-widget-wrap elementor-element-populated\">\n\t\t\t\t\t\t<div class=\"elementor-element elementor-element-9b47fb1 elementor-widget elementor-widget-text-editor\" data-id=\"9b47fb1\" data-element_type=\"widget\" data-widget_type=\"text-editor.default\">\n\t\t\t\t<div class=\"elementor-widget-container\">\n\t\t\t\t\t\t\t\t\t<p>Son destinatarios del c\u00f3digo \u00e9tico de <strong>TALECSYSTEM<\/strong> todos sus empleados, que deber\u00e1n conocer y aceptar su contenido y obligarse a su cumplimiento en el momento de su incorporaci\u00f3n a la Compa\u00f1\u00eda. Los proveedores, subcontratistas, clientes y cualesquiera terceros que mantengan relaciones jur\u00eddicas con <strong>TALECSYSTEM<\/strong>, quedar\u00e1n amparados por los principios del presente c\u00f3digo en cuanto les sea de aplicaci\u00f3n.<\/p>\t\t\t\t\t\t\t\t<\/div>\n\t\t\t\t<\/div>\n\t\t\t\t<div class=\"elementor-element elementor-element-91b0042 elementor-tabs-view-vertical elementor-widget elementor-widget-tabs\" data-id=\"91b0042\" data-element_type=\"widget\" data-widget_type=\"tabs.default\">\n\t\t\t\t<div class=\"elementor-widget-container\">\n\t\t\t\t\t\t\t<div class=\"elementor-tabs\">\n\t\t\t<div class=\"elementor-tabs-wrapper\" role=\"tablist\" >\n\t\t\t\t\t\t\t\t\t<div id=\"elementor-tab-title-1521\" class=\"elementor-tab-title elementor-tab-desktop-title\" aria-selected=\"true\" data-tab=\"1\" role=\"tab\" tabindex=\"0\" aria-controls=\"elementor-tab-content-1521\" aria-expanded=\"false\">Empleados<\/div>\n\t\t\t\t\t\t\t\t\t<div id=\"elementor-tab-title-1522\" class=\"elementor-tab-title elementor-tab-desktop-title\" aria-selected=\"false\" data-tab=\"2\" role=\"tab\" tabindex=\"-1\" aria-controls=\"elementor-tab-content-1522\" aria-expanded=\"false\">Clientes<\/div>\n\t\t\t\t\t\t\t\t\t<div id=\"elementor-tab-title-1523\" class=\"elementor-tab-title elementor-tab-desktop-title\" aria-selected=\"false\" data-tab=\"3\" role=\"tab\" tabindex=\"-1\" aria-controls=\"elementor-tab-content-1523\" aria-expanded=\"false\">Proveedores o subcontratistas<\/div>\n\t\t\t\t\t\t\t\t\t<div id=\"elementor-tab-title-1524\" class=\"elementor-tab-title elementor-tab-desktop-title\" aria-selected=\"false\" data-tab=\"4\" role=\"tab\" tabindex=\"-1\" aria-controls=\"elementor-tab-content-1524\" aria-expanded=\"false\">Accionistas<\/div>\n\t\t\t\t\t\t\t<\/div>\n\t\t\t<div class=\"elementor-tabs-content-wrapper\" role=\"tablist\" aria-orientation=\"vertical\">\n\t\t\t\t\t\t\t\t\t<div class=\"elementor-tab-title elementor-tab-mobile-title\" aria-selected=\"true\" data-tab=\"1\" role=\"tab\" tabindex=\"0\" aria-controls=\"elementor-tab-content-1521\" aria-expanded=\"false\">Empleados<\/div>\n\t\t\t\t\t<div id=\"elementor-tab-content-1521\" class=\"elementor-tab-content elementor-clearfix\" data-tab=\"1\" role=\"tabpanel\" aria-labelledby=\"elementor-tab-title-1521\" tabindex=\"0\" hidden=\"false\"><p>Cumplimiento de la legalidad vigente Todos los empleados velar\u00e1n por el cumplimiento de la legislaci\u00f3n y normativa vigente en el lugar en el que desarrollen su actividad. Asimismo, en todo momento respetar\u00e1n los compromisos y obligaciones asumidos por <strong>TALECSYSTEM<\/strong> en sus relaciones contractuales con terceros.<\/p><p><strong>Pol\u00edtica de informaci\u00f3n<\/strong><\/p><p>Todos los empleados ser\u00e1n informados y aceptar\u00e1n los principios y criterios en que la Compa\u00f1\u00eda basa su desarrollo profesional, la eficacia de su gesti\u00f3n y el fortalecimiento de su compromiso con los fines y objetivos de la Empresa.<\/p><p><strong>Compromiso con la formaci\u00f3n<\/strong><\/p><p>Cada empleado deber\u00e1 atender a su propia formaci\u00f3n, utilizando todos los medios que <strong>TALECSYSTEM<\/strong> pone a su disposici\u00f3n, en un compromiso constante consigo mismo y con la Compa\u00f1\u00eda dirigido a actualizar e incrementar su formaci\u00f3n, a fin de alcanzar su pleno desarrollo profesional y el logro de sus objetivos personales.<\/p><p><strong>Promoci\u00f3n profesional<\/strong><\/p><p>La promoci\u00f3n interna en <strong>TALECSYSTEM<\/strong> est\u00e1 basada en principios de capacidad, competencia y m\u00e9ritos profesionales. Las decisiones al respecto se adoptar\u00e1n conforme a criterios claros, objetivos y transparentes. Todos los empleados ser\u00e1n informados de las herramientas de evaluaci\u00f3n de su rendimiento y valoraci\u00f3n de sus resultados, que en cualquier caso estar\u00e1n basadas en criterios de objetividad y transparencia.<\/p><p><strong>Conciliaci\u00f3n de vida familiar y profesional<\/strong><\/p><p>El equilibrio entre las obligaciones laborales y la vida personal y familiar se obtiene mediante una pol\u00edtica de recursos humanos que genere medidas que hagan posible compatibilizar el compromiso con la Compa\u00f1\u00eda con el tiempo necesario para el desarrollo de un proyecto personal de vida.<\/p><p><strong>Profesionalidad en el trabajo<\/strong><\/p><p>Los empleados de <strong>TALECSYSTEM <\/strong>actuar\u00e1n en el ejercicio de aquellas competencias que les est\u00e9n atribuidas por raz\u00f3n de sus cargos, poniendo en pr\u00e1ctica criterios que conduzcan a la mayor eficacia, al menor coste posible, siguiendo siempre las pautas que, seg\u00fan su respectiva formaci\u00f3n t\u00e9cnica, sean, en cada caso, las pertinentes.<\/p><p><strong>Principio de no discriminaci\u00f3n e igualdad de oportunidades<\/strong><\/p><p>Compromiso con la creaci\u00f3n de un entorno de trabajo donde todos los empleados sean tratados con imparcialidad, respeto y dignidad, poniendo especial atenci\u00f3n en impulsar la igualdad de oportunidades y el trato a todos los empleados de manera justa y sin prejuicios eliminando cualquier tipo de discriminaci\u00f3n, cualquiera que sea su causa u origen.<\/p><p><strong>Entorno respetuoso de trabajo y sin acoso<\/strong><\/p><p>Rechazar cualquier manifestaci\u00f3n de acoso, abuso de autoridad, as\u00ed como cualquier otra conducta que pueda generar un entorno de trabajo intimidatorio, ofensivo u hostil, favoreciendo un entorno de trabajo agradable y seguro. En este sentido <strong>TALECSYSTEM <\/strong>ha implantado pol\u00edticas que reflejan su compromiso con la prevenci\u00f3n y supresi\u00f3n de todas las formas de acoso en el \u00e1mbito de su Organizaci\u00f3n.<\/p><p><strong>Uso y protecci\u00f3n de los activos empresariales<\/strong><\/p><p><strong>TALECSYSTEM <\/strong>pone a disposici\u00f3n de sus empleados los recursos necesarios para el desempe\u00f1o de su actividad profesional.<\/p><p>Todas las personas que trabajan en <strong>TALECSYSTEM <\/strong>se comprometen a hacer buen uso de los medios materiales e inmateriales que se ponen a su alcance.<\/p><p><strong>Recursos de inform\u00e1tica y comunicaciones<\/strong><\/p><p>Los recursos de inform\u00e1tica y comunicaciones, y especialmente el correo electr\u00f3nico e Internet, deben ser usados \u00fanica y exclusivamente para el desempe\u00f1o de las funciones profesionales de los empleados, pudiendo someterse su uso a seguimiento o auditor\u00edas en cualquier momento.<\/p><p><strong>Oportunidades de negocio<\/strong><\/p><p>Los empleados no podr\u00e1n aprovechar, en beneficio propio o de persona a ellos vinculada, informaciones u oportunidades de negocio de las que hayan tenido conocimiento por raz\u00f3n de su trabajo.<\/p><p><strong>Otras actividades<\/strong><\/p><p>Los empleados de <strong>TALECSYSTEM <\/strong>no podr\u00e1n realizar otras actividades, bien sea en nombre propio, o al servicio de terceros, remuneradas o no, cuando resulten incompatibles con las obligaciones derivadas de su relaci\u00f3n laboral con <strong>TALECSYSTEM.<\/strong><\/p><p><strong>Confidencialidad de la informaci\u00f3n<\/strong><\/p><p>Todos los empleados de <strong>TALECSYSTEM<\/strong> est\u00e1n obligados a protegerla informaci\u00f3n, confidencial o reservada de que sean conocedores por raz\u00f3n de su cargo \u2212ya sea t\u00e9cnica, financiera, comercial o de cualquier otro car\u00e1cter\u2212 y no usarla fuera del \u00e1mbito de su relaci\u00f3n laboral, ni revelarla a terceros sin el previo consentimiento escrito de la empresa, excepci\u00f3n hecha de aquellas solicitudes de informaci\u00f3n que le sean exigidas por autoridad judicial o administrativa en t\u00e9rminos legales.<\/p><p>Aquellos empleados que, por raz\u00f3n de sus altas responsabilidades, tengan acceso a informaci\u00f3n especialmente sensible podr\u00e1n ser exigidos por la Compa\u00f1\u00eda para suscribir compromisos espec\u00edficos de confidencialidad como anexo a su contrato principal de trabajo.<\/p><p>La empresa garantizar\u00e1 a sus empleados, proveedores, clientes y a cualesquiera terceros que con ella tengan relaci\u00f3n el fiel cumplimiento de la normativa sobre protecci\u00f3n de datos, adoptando las pertinentes medidas en su Organizaci\u00f3n para que dicha normativa tenga plena \u00a0eficacia.<\/p><p><strong>Propiedad intelectual<\/strong><\/p><p>El derecho de usar o explotar, en forma industrial o comercial, cualesquiera innovaciones o invenciones que produzcan, en el ejercicio de su actividad laboral, los empleados de <strong>TALECSYSTEM<\/strong> y que den lugar a marcas, patentes, modelos de invenci\u00f3n, derechos de autor, dibujos y modelos industriales, etc., pertenecer\u00e1n a PANDORGA WM S.L., quien los proteger\u00e1 en los t\u00e9rminos establecidos por la ley.<\/p><\/div>\n\t\t\t\t\t\t\t\t\t<div class=\"elementor-tab-title elementor-tab-mobile-title\" aria-selected=\"false\" data-tab=\"2\" role=\"tab\" tabindex=\"-1\" aria-controls=\"elementor-tab-content-1522\" aria-expanded=\"false\">Clientes<\/div>\n\t\t\t\t\t<div id=\"elementor-tab-content-1522\" class=\"elementor-tab-content elementor-clearfix\" data-tab=\"2\" role=\"tabpanel\" aria-labelledby=\"elementor-tab-title-1522\" tabindex=\"0\" hidden=\"hidden\"><p><strong>Confidencialidad<\/strong><\/p><p>Se garantizar\u00e1 que la informaci\u00f3n que <strong>TALECSYSTEM<\/strong> posea, derivada de sus relaciones con sus clientes, quede debidamente amparada por la legislaci\u00f3n sobre protecci\u00f3n de datos de car\u00e1cter personal.<\/p><p><strong>Calidad de servicios<\/strong><\/p><p>La satisfacci\u00f3n de nuestros clientes por los servicios prestados por <strong>TALECYSTEM<\/strong> se constituye en el objetivo prioritario de nuestra actividad empresarial.<\/p><p>Todos los empleados deben ser conscientes de que el \u00e9xito en la relaci\u00f3n con los clientes radica en la correcta prestaci\u00f3n de los servicios ofrecidos. Para ello, y con el fin de alcanzar los niveles de calidad comprometidos, <strong>TALECYSTEM<\/strong> pone a disposici\u00f3n de sus empleados los medios necesarios para el desarrollo de su actividad.<\/p><p><strong>Relaci\u00f3n con clientes<\/strong><\/p><p>Todas las relaciones que <strong>TALECSYSTEM<\/strong> mantenga con sus clientes quedar\u00e1n debidamente documentadas en la forma que jur\u00eddicamente sea procedente y expresadas en t\u00e9rminos claros que permitan determinar con precisi\u00f3n los derechos y obligaciones nacidos de las referidas relaciones.<\/p><\/div>\n\t\t\t\t\t\t\t\t\t<div class=\"elementor-tab-title elementor-tab-mobile-title\" aria-selected=\"false\" data-tab=\"3\" role=\"tab\" tabindex=\"-1\" aria-controls=\"elementor-tab-content-1523\" aria-expanded=\"false\">Proveedores o subcontratistas<\/div>\n\t\t\t\t\t<div id=\"elementor-tab-content-1523\" class=\"elementor-tab-content elementor-clearfix\" data-tab=\"3\" role=\"tabpanel\" aria-labelledby=\"elementor-tab-title-1523\" tabindex=\"0\" hidden=\"hidden\"><p style=\"font-style: normal; font-variant-ligatures: normal; font-variant-caps: normal; font-weight: 400; font-size: 14px; font-family: Roboto, sans-serif;\"><span style=\"font-weight: bold;\">Pol\u00edtica de selecci\u00f3n<\/span><\/p><p style=\"font-style: normal; font-variant-ligatures: normal; font-variant-caps: normal; font-weight: 400; font-size: 14px; font-family: Roboto, sans-serif;\">La selecci\u00f3n de proveedores y subcontratistas se har\u00e1 con criterios de transparencia, objetividad y libre concurrencia, de manera que se garanticen la calidad del bien adquirido o del servicio cedido y las mejores condiciones econ\u00f3micas, valorando, especialmente, la solvencia t\u00e9cnica y financiera del proveedor y subcontratista y la experiencia habida de relaciones anteriores con los mismos.<\/p><p style=\"font-style: normal; font-variant-ligatures: normal; font-variant-caps: normal; font-weight: 400; font-size: 14px; font-family: Roboto, sans-serif;\"><span style=\"font-weight: bold;\">Confidencialidad<\/span><\/p><p style=\"font-style: normal; font-variant-ligatures: normal; font-variant-caps: normal; font-weight: 400; font-size: 14px; font-family: Roboto, sans-serif;\">El conocimiento de informaci\u00f3n protegida a la que\u00a0<span style=\"font-weight: bold;\">TALECYSTEM<\/span>\u00a0tenga acceso, como consecuencia de su relaci\u00f3n con proveedores y subcontratistas, contar\u00e1 con las garant\u00edas previstas en la Ley de Protecci\u00f3n de Datos.<\/p><p style=\"font-style: normal; font-variant-ligatures: normal; font-variant-caps: normal; font-weight: 400; font-size: 14px; font-family: Roboto, sans-serif;\"><span style=\"font-weight: bold;\">Relaci\u00f3n con proveedores<\/span><\/p><p style=\"font-style: normal; font-variant-ligatures: normal; font-variant-caps: normal; font-weight: 400; font-size: 14px; font-family: Roboto, sans-serif;\">Los empleados deber\u00e1n cumplir y respetar la normativa interna de\u00a0<span style=\"font-weight: bold;\">TALECSYSTEM<\/span>\u00a0a la hora de proceder a la homologaci\u00f3n de proveedores, as\u00ed como en la adjudicaci\u00f3n de trabajos, suministros y servicios.<\/p><p style=\"font-style: normal; font-variant-ligatures: normal; font-variant-caps: normal; font-weight: 400; font-size: 14px; font-family: Roboto, sans-serif;\"><span style=\"font-weight: bold;\">TALECSYSTEM\u00a0<\/span>pondr\u00e1 los medios necesarios para evitar que intereses personales de sus empleados influyan decisivamente en todos los procesos m\u00e1s arriba referidos.\u00a0<span style=\"font-weight: bold;\">TALECSYSTEM<\/span>, bas\u00e1ndose en su programa de compras responsables, realiza una evaluaci\u00f3n continuada de sus proveedores y subcontratistas sobre el cumplimiento de requisitos medioambientales, de calidad y de seguridad laboral.<\/p><\/div>\n\t\t\t\t\t\t\t\t\t<div class=\"elementor-tab-title elementor-tab-mobile-title\" aria-selected=\"false\" data-tab=\"4\" role=\"tab\" tabindex=\"-1\" aria-controls=\"elementor-tab-content-1524\" aria-expanded=\"false\">Accionistas<\/div>\n\t\t\t\t\t<div id=\"elementor-tab-content-1524\" class=\"elementor-tab-content elementor-clearfix\" data-tab=\"4\" role=\"tabpanel\" aria-labelledby=\"elementor-tab-title-1524\" tabindex=\"0\" hidden=\"hidden\"><p><strong>Transparencia y creaci\u00f3n de valor<\/strong><\/p><p>Los derechos de los accionistas frente a la Compa\u00f1\u00eda est\u00e1n garantizados por el estricto cumplimiento por sus administradores de toda la normativa vigente y, en especial, por la de car\u00e1cter societario. La misi\u00f3n fundamental de los administradores sociales se encaminar\u00e1 a la creaci\u00f3n de valor en beneficio de los accionistas.<\/p><\/div>\n\t\t\t\t\t\t\t<\/div>\n\t\t<\/div>\n\t\t\t\t\t\t<\/div>\n\t\t\t\t<\/div>\n\t\t\t\t\t<\/div>\n\t\t<\/div>\n\t\t\t\t\t<\/div>\n\t\t<\/section>\n\t\t\t\t<\/div>\n\t\t","protected":false},"excerpt":{"rendered":"<p>Son destinatarios del c\u00f3digo \u00e9tico de TALECSYSTEM todos sus empleados, que deber\u00e1n conocer y aceptar su contenido y obligarse a su cumplimiento en el momento de<span class=\"excerpt-hellip\"> [\u2026]<\/span><\/p>\n","protected":false},"author":2,"featured_media":0,"parent":0,"menu_order":0,"comment_status":"closed","ping_status":"closed","template":"","meta":{"footnotes":""},"class_list":["post-1727","page","type-page","status-publish","hentry"],"_links":{"self":[{"href":"https:\/\/www.talecsystem.com\/es\/wp-json\/wp\/v2\/pages\/1727","targetHints":{"allow":["GET"]}}],"collection":[{"href":"https:\/\/www.talecsystem.com\/es\/wp-json\/wp\/v2\/pages"}],"about":[{"href":"https:\/\/www.talecsystem.com\/es\/wp-json\/wp\/v2\/types\/page"}],"author":[{"embeddable":true,"href":"https:\/\/www.talecsystem.com\/es\/wp-json\/wp\/v2\/users\/2"}],"replies":[{"embeddable":true,"href":"https:\/\/www.talecsystem.com\/es\/wp-json\/wp\/v2\/comments?post=1727"}],"version-history":[{"count":0,"href":"https:\/\/www.talecsystem.com\/es\/wp-json\/wp\/v2\/pages\/1727\/revisions"}],"wp:attachment":[{"href":"https:\/\/www.talecsystem.com\/es\/wp-json\/wp\/v2\/media?parent=1727"}],"curies":[{"name":"wp","href":"https:\/\/api.w.org\/{rel}","templated":true}]}}