{"id":1620,"date":"2022-07-07T08:33:26","date_gmt":"2022-07-07T08:33:26","guid":{"rendered":"https:\/\/www.talecsystem.com\/?page_id=1620"},"modified":"2022-10-26T11:06:02","modified_gmt":"2022-10-26T11:06:02","slug":"organizacion","status":"publish","type":"page","link":"https:\/\/www.talecsystem.com\/es\/organizacion\/","title":{"rendered":"Organizaci\u00f3n"},"content":{"rendered":"\t\t<div data-elementor-type=\"wp-page\" data-elementor-id=\"1620\" class=\"elementor elementor-1620\">\n\t\t\t\t\t\t<section class=\"elementor-section elementor-top-section elementor-element elementor-element-cc7cbe9 elementor-section-boxed elementor-section-height-default elementor-section-height-default\" data-id=\"cc7cbe9\" data-element_type=\"section\">\n\t\t\t\t\t\t<div class=\"elementor-container elementor-column-gap-default\">\n\t\t\t\t\t<div class=\"elementor-column elementor-col-100 elementor-top-column elementor-element elementor-element-4b291d6\" data-id=\"4b291d6\" data-element_type=\"column\">\n\t\t\t<div class=\"elementor-widget-wrap elementor-element-populated\">\n\t\t\t\t\t\t<div class=\"elementor-element elementor-element-6e0bc57 elementor-widget elementor-widget-heading\" data-id=\"6e0bc57\" data-element_type=\"widget\" data-widget_type=\"heading.default\">\n\t\t\t\t<div class=\"elementor-widget-container\">\n\t\t\t\t\t<h2 class=\"elementor-heading-title elementor-size-default\"><p>Organismos de administraci\u00f3n<span style=\"color: var( --e-global-color-primary );font-family: var( --e-global-typography-primary-font-family ), Sans-serif;font-size: 30px;font-weight: var( --e-global-typography-primary-font-weight );letter-spacing: 0px\"><\/span><\/p><\/h2>\t\t\t\t<\/div>\n\t\t\t\t<\/div>\n\t\t\t\t<div class=\"elementor-element elementor-element-01ea62f elementor-widget elementor-widget-text-editor\" data-id=\"01ea62f\" data-element_type=\"widget\" data-widget_type=\"text-editor.default\">\n\t\t\t\t<div class=\"elementor-widget-container\">\n\t\t\t\t\t\t\t\t\t<p>Conforme al art\u00edculo 233.1 del <a href=\"https:\/\/www.boe.es\/buscar\/act.php?id=BOE-A-2010-10544\">Real Decreto Legislativo 1\/2010, de 2 de julio, por el que se aprueba el texto refundido de la Ley de Sociedades de Capital<\/a> (LSC), la representaci\u00f3n de la sociedad en juicio o fuera de \u00e9l, corresponde a los administradores de la forma que determine los estatutos.<\/p><p>Seg\u00fan la alternativa escogida por la organizaci\u00f3n, siguiendo lo indicado en el art\u00edculo 233 de la <a href=\"https:\/\/www.boe.es\/buscar\/act.php?id=BOE-A-2010-10544\">Ley de Sociedades de Capital<\/a>, en conjunto a las concordancias para las sociedades an\u00f3nimas en el art\u00edculo 124 y para las sociedades limitadas en el art\u00edculo 185, del <a href=\"https:\/\/www.boe.es\/buscar\/act.php?id=BOE-A-1996-17533\">Real Decreto 1784\/1996, de 19 de julio, por el que se aprueba el reglamento del Registro Mercantil<\/a>, donde se escoge la siguiente situaci\u00f3n:<\/p><ul><li>Administrador \u00fanico: El cual representa el poder de la administraci\u00f3n, en mismos t\u00e9rminos que el art\u00edculo 185 del <a href=\"https:\/\/www.boe.es\/buscar\/act.php?id=BOE-A-1996-17533\">Reglamento del Registro Mercantil<\/a>.<\/li><\/ul>\t\t\t\t\t\t\t\t<\/div>\n\t\t\t\t<\/div>\n\t\t\t\t\t<\/div>\n\t\t<\/div>\n\t\t\t\t\t<\/div>\n\t\t<\/section>\n\t\t\t\t<section class=\"elementor-section elementor-top-section elementor-element elementor-element-347e005 elementor-section-boxed elementor-section-height-default elementor-section-height-default\" data-id=\"347e005\" data-element_type=\"section\">\n\t\t\t\t\t\t<div class=\"elementor-container elementor-column-gap-default\">\n\t\t\t\t\t<div class=\"elementor-column elementor-col-100 elementor-top-column elementor-element elementor-element-f15f1b9\" data-id=\"f15f1b9\" data-element_type=\"column\">\n\t\t\t<div class=\"elementor-widget-wrap elementor-element-populated\">\n\t\t\t\t\t\t<section class=\"elementor-section elementor-inner-section elementor-element elementor-element-e511164 elementor-section-boxed elementor-section-height-default elementor-section-height-default\" data-id=\"e511164\" data-element_type=\"section\">\n\t\t\t\t\t\t<div class=\"elementor-container elementor-column-gap-default\">\n\t\t\t\t\t<div class=\"elementor-column elementor-col-50 elementor-inner-column elementor-element elementor-element-ebbc1df\" data-id=\"ebbc1df\" data-element_type=\"column\">\n\t\t\t<div class=\"elementor-widget-wrap\">\n\t\t\t\t\t\t\t<\/div>\n\t\t<\/div>\n\t\t\t\t<div class=\"elementor-column elementor-col-50 elementor-inner-column elementor-element elementor-element-4b330e8\" data-id=\"4b330e8\" data-element_type=\"column\">\n\t\t\t<div class=\"elementor-widget-wrap elementor-element-populated\">\n\t\t\t\t\t\t<div class=\"elementor-element elementor-element-c7eeebe elementor-widget elementor-widget-text-editor\" data-id=\"c7eeebe\" data-element_type=\"widget\" data-widget_type=\"text-editor.default\">\n\t\t\t\t<div class=\"elementor-widget-container\">\n\t\t\t\t\t\t\t\t\t<p style=\"text-align: right;\">Actualizado: 26\/10\/2022<\/p>\t\t\t\t\t\t\t\t<\/div>\n\t\t\t\t<\/div>\n\t\t\t\t\t<\/div>\n\t\t<\/div>\n\t\t\t\t\t<\/div>\n\t\t<\/section>\n\t\t\t\t\t<\/div>\n\t\t<\/div>\n\t\t\t\t\t<\/div>\n\t\t<\/section>\n\t\t\t\t<\/div>\n\t\t","protected":false},"excerpt":{"rendered":"<p>Organismos de administraci\u00f3n Conforme al art\u00edculo 233.1 del Real Decreto Legislativo 1\/2010, de 2 de julio, por el que se aprueba el texto refundido de la<span class=\"excerpt-hellip\"> [\u2026]<\/span><\/p>\n","protected":false},"author":2,"featured_media":0,"parent":0,"menu_order":0,"comment_status":"closed","ping_status":"closed","template":"","meta":{"footnotes":""},"class_list":["post-1620","page","type-page","status-publish","hentry"],"_links":{"self":[{"href":"https:\/\/www.talecsystem.com\/es\/wp-json\/wp\/v2\/pages\/1620","targetHints":{"allow":["GET"]}}],"collection":[{"href":"https:\/\/www.talecsystem.com\/es\/wp-json\/wp\/v2\/pages"}],"about":[{"href":"https:\/\/www.talecsystem.com\/es\/wp-json\/wp\/v2\/types\/page"}],"author":[{"embeddable":true,"href":"https:\/\/www.talecsystem.com\/es\/wp-json\/wp\/v2\/users\/2"}],"replies":[{"embeddable":true,"href":"https:\/\/www.talecsystem.com\/es\/wp-json\/wp\/v2\/comments?post=1620"}],"version-history":[{"count":0,"href":"https:\/\/www.talecsystem.com\/es\/wp-json\/wp\/v2\/pages\/1620\/revisions"}],"wp:attachment":[{"href":"https:\/\/www.talecsystem.com\/es\/wp-json\/wp\/v2\/media?parent=1620"}],"curies":[{"name":"wp","href":"https:\/\/api.w.org\/{rel}","templated":true}]}}