{"id":1618,"date":"2022-07-07T08:32:42","date_gmt":"2022-07-07T08:32:42","guid":{"rendered":"https:\/\/www.talecsystem.com\/?page_id=1618"},"modified":"2022-10-26T11:05:29","modified_gmt":"2022-10-26T11:05:29","slug":"institucional","status":"publish","type":"page","link":"https:\/\/www.talecsystem.com\/es\/institucional\/","title":{"rendered":"Institucional"},"content":{"rendered":"\t\t<div data-elementor-type=\"wp-page\" data-elementor-id=\"1618\" class=\"elementor elementor-1618\">\n\t\t\t\t\t\t<section class=\"elementor-section elementor-top-section elementor-element elementor-element-c086440 elementor-section-boxed elementor-section-height-default elementor-section-height-default\" data-id=\"c086440\" data-element_type=\"section\">\n\t\t\t\t\t\t<div class=\"elementor-container elementor-column-gap-default\">\n\t\t\t\t\t<div class=\"elementor-column elementor-col-100 elementor-top-column elementor-element elementor-element-f882bda\" data-id=\"f882bda\" data-element_type=\"column\">\n\t\t\t<div class=\"elementor-widget-wrap elementor-element-populated\">\n\t\t\t\t\t\t<div class=\"elementor-element elementor-element-996d1b4 elementor-widget elementor-widget-heading\" data-id=\"996d1b4\" data-element_type=\"widget\" data-widget_type=\"heading.default\">\n\t\t\t\t<div class=\"elementor-widget-container\">\n\t\t\t\t\t<h2 class=\"elementor-heading-title elementor-size-default\">Informaci\u00f3n general<\/h2>\t\t\t\t<\/div>\n\t\t\t\t<\/div>\n\t\t\t\t<section class=\"elementor-section elementor-inner-section elementor-element elementor-element-840ec47 elementor-section-boxed elementor-section-height-default elementor-section-height-default\" data-id=\"840ec47\" data-element_type=\"section\">\n\t\t\t\t\t\t<div class=\"elementor-container elementor-column-gap-default\">\n\t\t\t\t\t<div class=\"elementor-column elementor-col-100 elementor-inner-column elementor-element elementor-element-fd6c4ec\" data-id=\"fd6c4ec\" data-element_type=\"column\">\n\t\t\t<div class=\"elementor-widget-wrap elementor-element-populated\">\n\t\t\t\t\t\t<div class=\"elementor-element elementor-element-6eee084 elementor-widget elementor-widget-text-editor\" data-id=\"6eee084\" data-element_type=\"widget\" data-widget_type=\"text-editor.default\">\n\t\t\t\t<div class=\"elementor-widget-container\">\n\t\t\t\t\t\t\t\t\t<p class=\"MsoNormal\" style=\"text-align: justify;\">\u00a0<\/p><p>La sociedad Pandorga WM SLU fue fundada en 2014.<\/p><p>Pandorga WM S.L. se constituye ante el Ilustre Notario D. Jos\u00e9 Javier Soto Ruiz el d\u00eda 07\/10\/2014 con el n\u00famero de protocolo 1213 e inscrita en el registro mercantil de santa cruz de Tenerife con fecha del 09\/12\/2014 con los datos registrales anotados en el TOMO: 3361, HOJA: TF-54629, LIBRO: 0, INSCRIP.: 1, FOLIO: 177.<\/p><p>Con domicilio social en Camino \u00d3liver n\u00ba 1, 38006, Sata Cruz de Tenerife.\u00a0<\/p><p>M\u00e1s informaci\u00f3n sobre nosotros <a href=\"https:\/\/www.talecsystem.com\/sobre-nosotros\/\">sobre nosotros.<\/a><\/p>\t\t\t\t\t\t\t\t<\/div>\n\t\t\t\t<\/div>\n\t\t\t\t\t<\/div>\n\t\t<\/div>\n\t\t\t\t\t<\/div>\n\t\t<\/section>\n\t\t\t\t\t<\/div>\n\t\t<\/div>\n\t\t\t\t\t<\/div>\n\t\t<\/section>\n\t\t\t\t<section class=\"elementor-section elementor-top-section elementor-element elementor-element-dd321e7 elementor-section-boxed elementor-section-height-default elementor-section-height-default\" data-id=\"dd321e7\" data-element_type=\"section\">\n\t\t\t\t\t\t<div class=\"elementor-container elementor-column-gap-default\">\n\t\t\t\t\t<div class=\"elementor-column elementor-col-100 elementor-top-column elementor-element elementor-element-afe65dd\" data-id=\"afe65dd\" data-element_type=\"column\">\n\t\t\t<div class=\"elementor-widget-wrap elementor-element-populated\">\n\t\t\t\t\t\t<div class=\"elementor-element elementor-element-b6557dc elementor-widget elementor-widget-heading\" data-id=\"b6557dc\" data-element_type=\"widget\" data-widget_type=\"heading.default\">\n\t\t\t\t<div class=\"elementor-widget-container\">\n\t\t\t\t\t<h2 class=\"elementor-heading-title elementor-size-default\"><p style=\"text-align:justify\"><b>Normativa aplicable a la entidad<\/b><span style=\"color: var( --e-global-color-primary );font-family: var( --e-global-typography-primary-font-family ), Sans-serif;font-size: 30px;font-weight: var( --e-global-typography-primary-font-weight );letter-spacing: 0px\"><\/span><\/p><\/h2>\t\t\t\t<\/div>\n\t\t\t\t<\/div>\n\t\t\t\t<div class=\"elementor-element elementor-element-3a877f9 elementor-widget elementor-widget-text-editor\" data-id=\"3a877f9\" data-element_type=\"widget\" data-widget_type=\"text-editor.default\">\n\t\t\t\t<div class=\"elementor-widget-container\">\n\t\t\t\t\t\t\t\t\t<p class=\"MsoNormal\" style=\"text-align: justify;\">Sociedad externa de naturaleza mercantil:<\/p><p class=\"MsoNormal\" style=\"text-align: justify; padding-left: 40px;\"><a href=\"https:\/\/www.boe.es\/buscar\/act.php?id=BOE-A-2010-10544\">Real Decreto Legislativo 1\/2010 de 2 de julio, del C\u00f3digo de Comercio y dem\u00e1s disposiciones legales<\/a>.<\/p><p class=\"MsoNormal\" style=\"text-align: justify;\">Transparencia:<\/p><p class=\"MsoNormal\" style=\"text-align: left; padding-left: 40px;\">Dentro de la autonom\u00eda, la <a href=\"https:\/\/www.boe.es\/buscar\/doc.php?id=BOE-A-2015-1114\">Ley 12\/2014, del 26 de diciembre, sobre la transparencia y el acceso a la informaci\u00f3n p\u00fablica<\/a>.\u00a0<\/p><p class=\"MsoNormal\" style=\"text-align: left; padding-left: 40px;\">Estatal, correspondiente a la <a href=\"https:\/\/www.boe.es\/eli\/es\/l\/2013\/12\/09\/19\/con\">Ley 19\/2013, de 9 de diciembre, de transparencia, acceso a la informaci\u00f3n p\u00fablica y buen gobierno<\/a>.\u00a0<\/p><p class=\"MsoNormal\" style=\"text-align: justify;\">M\u00e1s informaci\u00f3n: <a href=\"https:\/\/transparenciacanarias.org\/\">Comisionado de transparencia de Canarias<\/a>.\u00a0<\/p><p class=\"MsoNormal\" style=\"text-align: justify;\"><a href=\"https:\/\/www.talecsystem.com\/wp-content\/uploads\/2022\/07\/Estatuto-sociedad-Pandorga-WM-SL.pdf\">Estatutos de la sociedad<\/a><\/p>\t\t\t\t\t\t\t\t<\/div>\n\t\t\t\t<\/div>\n\t\t\t\t\t<\/div>\n\t\t<\/div>\n\t\t\t\t\t<\/div>\n\t\t<\/section>\n\t\t\t\t<section class=\"elementor-section elementor-top-section elementor-element elementor-element-c3a3870 elementor-section-boxed elementor-section-height-default elementor-section-height-default\" data-id=\"c3a3870\" data-element_type=\"section\">\n\t\t\t\t\t\t<div class=\"elementor-container elementor-column-gap-default\">\n\t\t\t\t\t<div class=\"elementor-column elementor-col-100 elementor-top-column elementor-element elementor-element-af308b3\" data-id=\"af308b3\" data-element_type=\"column\">\n\t\t\t<div class=\"elementor-widget-wrap elementor-element-populated\">\n\t\t\t\t\t\t<div class=\"elementor-element elementor-element-fee1b40 elementor-widget elementor-widget-heading\" data-id=\"fee1b40\" data-element_type=\"widget\" data-widget_type=\"heading.default\">\n\t\t\t\t<div class=\"elementor-widget-container\">\n\t\t\t\t\t<h2 class=\"elementor-heading-title elementor-size-default\"><p style=\"text-align:justify\"><b>Informaci\u00f3n relativa a las funciones que desarrolla la entidad<\/b><\/p>\n\n<\/h2>\t\t\t\t<\/div>\n\t\t\t\t<\/div>\n\t\t\t\t<div class=\"elementor-element elementor-element-2eaa474 elementor-widget elementor-widget-text-editor\" data-id=\"2eaa474\" data-element_type=\"widget\" data-widget_type=\"text-editor.default\">\n\t\t\t\t<div class=\"elementor-widget-container\">\n\t\t\t\t\t\t\t\t\t<p class=\"MsoNormal\" style=\"text-align: justify;\">La sociedad tiene como objeto el desarrollo de las actividades que se citar\u00e1n a continuaci\u00f3n:\u00a0<\/p><ul><li>Intermediarios del comercio de productos alimenticios, bebidas y tabaco.<\/li><li>Intermediarios del comercio especializados en la venta de otros productos espec\u00edficos.<\/li><li>Intermediarios del comercio de productos diversos.<\/li><li>Comercio al por mayor de frutas y hortalizas.<\/li><li>Comercio al por mayor de carne y productos c\u00e1rnicos.<\/li><li>Comercio al por mayor de productos l\u00e1cteos, huevos, aceites y grasas comestibles<\/li><li>Comercio al por mayor de bebidas.<\/li><li>Comercio al por mayor de productos del tabaco.<\/li><li>Comercio al por mayor de az\u00facar, chocolate y confiter\u00eda.<\/li><li>Comercio al por mayor de caf\u00e9, t\u00e9, caca y especias.<\/li><li>Comercio al por mayor de pescados, mariscos y otros productos alimenticios.<\/li><li>Comercio al por mayor, no especializado, de productos alimenticios, bebidas y tabaco.<\/li><li>Proceso de datos, hosting y otras actividades relacionadas.<\/li><li>Portales web.<\/li><li>Otras actividades de consultor\u00eda de gesti\u00f3n empresarial.<\/li><li>Agencia de publicidad.<\/li><li>Estudios de mercado y realizaci\u00f3n de encuestas de opini\u00f3n p\u00fablica.<\/li><li>Actividades de dise\u00f1o especializado.<\/li><\/ul><p>Todas estas actividades pueden ser realizadas por nuestra sociedad, de maneta total o parcialmente, de modo directo o indirecto, mediante la titularidad de las acciones o participaciones en sociedades de objeto an\u00e1logo o id\u00e9ntico.<\/p>\t\t\t\t\t\t\t\t<\/div>\n\t\t\t\t<\/div>\n\t\t\t\t\t<\/div>\n\t\t<\/div>\n\t\t\t\t\t<\/div>\n\t\t<\/section>\n\t\t\t\t<section class=\"elementor-section elementor-top-section elementor-element elementor-element-e16155d elementor-section-boxed elementor-section-height-default elementor-section-height-default\" data-id=\"e16155d\" data-element_type=\"section\">\n\t\t\t\t\t\t<div class=\"elementor-container elementor-column-gap-default\">\n\t\t\t\t\t<div class=\"elementor-column elementor-col-100 elementor-top-column elementor-element elementor-element-71bf34e\" data-id=\"71bf34e\" data-element_type=\"column\">\n\t\t\t<div class=\"elementor-widget-wrap elementor-element-populated\">\n\t\t\t\t\t\t<section class=\"elementor-section elementor-inner-section elementor-element elementor-element-2257156 elementor-section-boxed elementor-section-height-default elementor-section-height-default\" data-id=\"2257156\" data-element_type=\"section\">\n\t\t\t\t\t\t<div class=\"elementor-container elementor-column-gap-default\">\n\t\t\t\t\t<div class=\"elementor-column elementor-col-50 elementor-inner-column elementor-element elementor-element-6cc2007\" data-id=\"6cc2007\" data-element_type=\"column\">\n\t\t\t<div class=\"elementor-widget-wrap\">\n\t\t\t\t\t\t\t<\/div>\n\t\t<\/div>\n\t\t\t\t<div class=\"elementor-column elementor-col-50 elementor-inner-column elementor-element elementor-element-26f2d4d\" data-id=\"26f2d4d\" data-element_type=\"column\">\n\t\t\t<div class=\"elementor-widget-wrap elementor-element-populated\">\n\t\t\t\t\t\t<div class=\"elementor-element elementor-element-52e2df9 elementor-widget elementor-widget-text-editor\" data-id=\"52e2df9\" data-element_type=\"widget\" data-widget_type=\"text-editor.default\">\n\t\t\t\t<div class=\"elementor-widget-container\">\n\t\t\t\t\t\t\t\t\t<p style=\"text-align: right;\">Actualizado: 26\/10\/2022<\/p>\t\t\t\t\t\t\t\t<\/div>\n\t\t\t\t<\/div>\n\t\t\t\t\t<\/div>\n\t\t<\/div>\n\t\t\t\t\t<\/div>\n\t\t<\/section>\n\t\t\t\t\t<\/div>\n\t\t<\/div>\n\t\t\t\t\t<\/div>\n\t\t<\/section>\n\t\t\t\t<\/div>\n\t\t","protected":false},"excerpt":{"rendered":"<p>Informaci\u00f3n general \u00a0 La sociedad Pandorga WM SLU fue fundada en 2014. Pandorga WM S.L. se constituye ante el Ilustre Notario D. Jos\u00e9 Javier Soto Ruiz<span class=\"excerpt-hellip\"> [\u2026]<\/span><\/p>\n","protected":false},"author":2,"featured_media":0,"parent":0,"menu_order":0,"comment_status":"closed","ping_status":"closed","template":"","meta":{"footnotes":""},"class_list":["post-1618","page","type-page","status-publish","hentry"],"_links":{"self":[{"href":"https:\/\/www.talecsystem.com\/es\/wp-json\/wp\/v2\/pages\/1618","targetHints":{"allow":["GET"]}}],"collection":[{"href":"https:\/\/www.talecsystem.com\/es\/wp-json\/wp\/v2\/pages"}],"about":[{"href":"https:\/\/www.talecsystem.com\/es\/wp-json\/wp\/v2\/types\/page"}],"author":[{"embeddable":true,"href":"https:\/\/www.talecsystem.com\/es\/wp-json\/wp\/v2\/users\/2"}],"replies":[{"embeddable":true,"href":"https:\/\/www.talecsystem.com\/es\/wp-json\/wp\/v2\/comments?post=1618"}],"version-history":[{"count":0,"href":"https:\/\/www.talecsystem.com\/es\/wp-json\/wp\/v2\/pages\/1618\/revisions"}],"wp:attachment":[{"href":"https:\/\/www.talecsystem.com\/es\/wp-json\/wp\/v2\/media?parent=1618"}],"curies":[{"name":"wp","href":"https:\/\/api.w.org\/{rel}","templated":true}]}}