{"id":1595,"date":"2022-07-06T12:26:46","date_gmt":"2022-07-06T12:26:46","guid":{"rendered":"https:\/\/www.talecsystem.com\/?page_id=1595"},"modified":"2022-07-06T12:27:48","modified_gmt":"2022-07-06T12:27:48","slug":"cuestionario","status":"publish","type":"page","link":"https:\/\/www.talecsystem.com\/es\/cuestionario\/","title":{"rendered":"Cuestionario Pymes canarias y comercio electr\u00f3nico 2022"},"content":{"rendered":"\t\t<div data-elementor-type=\"wp-page\" data-elementor-id=\"1595\" class=\"elementor elementor-1595\">\n\t\t\t\t\t\t<section class=\"elementor-section elementor-top-section elementor-element elementor-element-4904100 elementor-section-boxed elementor-section-height-default elementor-section-height-default\" data-id=\"4904100\" data-element_type=\"section\">\n\t\t\t\t\t\t<div class=\"elementor-container elementor-column-gap-default\">\n\t\t\t\t\t<div class=\"elementor-column elementor-col-100 elementor-top-column elementor-element elementor-element-b0c1073\" data-id=\"b0c1073\" data-element_type=\"column\">\n\t\t\t<div class=\"elementor-widget-wrap elementor-element-populated\">\n\t\t\t\t\t\t<div class=\"elementor-element elementor-element-c8937d2 elementor-widget elementor-widget-shortcode\" data-id=\"c8937d2\" data-element_type=\"widget\" data-widget_type=\"shortcode.default\">\n\t\t\t\t<div class=\"elementor-widget-container\">\n\t\t\t\t\t\t\t<div class=\"elementor-shortcode\">\n<div class=\"wpcf7 no-js\" id=\"wpcf7-f1584-o1\" lang=\"es-ES\" dir=\"ltr\" data-wpcf7-id=\"1584\">\n<div class=\"screen-reader-response\"><p role=\"status\" aria-live=\"polite\" aria-atomic=\"true\"><\/p> <ul><\/ul><\/div>\n<form action=\"\/es\/wp-json\/wp\/v2\/pages\/1595#wpcf7-f1584-o1\" method=\"post\" class=\"wpcf7-form init\" aria-label=\"Formulario de contacto\" novalidate=\"novalidate\" data-status=\"init\">\n<fieldset class=\"hidden-fields-container\"><input type=\"hidden\" name=\"_wpcf7\" value=\"1584\" \/><input type=\"hidden\" name=\"_wpcf7_version\" value=\"6.1\" \/><input type=\"hidden\" name=\"_wpcf7_locale\" value=\"es_ES\" \/><input type=\"hidden\" name=\"_wpcf7_unit_tag\" value=\"wpcf7-f1584-o1\" \/><input type=\"hidden\" name=\"_wpcf7_container_post\" value=\"0\" \/><input type=\"hidden\" name=\"_wpcf7_posted_data_hash\" value=\"\" \/><input type=\"hidden\" name=\"_wpcf7cf_hidden_group_fields\" value=\"[]\" \/><input type=\"hidden\" name=\"_wpcf7cf_hidden_groups\" value=\"[]\" \/><input type=\"hidden\" name=\"_wpcf7cf_visible_groups\" value=\"[]\" \/><input type=\"hidden\" name=\"_wpcf7cf_repeaters\" value=\"[]\" \/><input type=\"hidden\" name=\"_wpcf7cf_steps\" value=\"{}\" \/><input type=\"hidden\" name=\"_wpcf7cf_options\" value=\"{&quot;form_id&quot;:1584,&quot;conditions&quot;:[{&quot;then_field&quot;:&quot;G_tactivity&quot;,&quot;and_rules&quot;:[{&quot;if_field&quot;:&quot;tactivity&quot;,&quot;operator&quot;:&quot;equals&quot;,&quot;if_value&quot;:&quot;Otro&quot;}]},{&quot;then_field&quot;:&quot;G_sactivity&quot;,&quot;and_rules&quot;:[{&quot;if_field&quot;:&quot;sactivity&quot;,&quot;operator&quot;:&quot;equals&quot;,&quot;if_value&quot;:&quot;Otro&quot;}]},{&quot;then_field&quot;:&quot;G_company&quot;,&quot;and_rules&quot;:[{&quot;if_field&quot;:&quot;company&quot;,&quot;operator&quot;:&quot;equals&quot;,&quot;if_value&quot;:&quot;Otro&quot;}]},{&quot;then_field&quot;:&quot;G_has_sales&quot;,&quot;and_rules&quot;:[{&quot;if_field&quot;:&quot;has_sales&quot;,&quot;operator&quot;:&quot;equals&quot;,&quot;if_value&quot;:&quot;Si&quot;}]},{&quot;then_field&quot;:&quot;G_plataform&quot;,&quot;and_rules&quot;:[{&quot;if_field&quot;:&quot;plataform&quot;,&quot;operator&quot;:&quot;equals&quot;,&quot;if_value&quot;:&quot;Otros&quot;}]},{&quot;then_field&quot;:&quot;G_plataformwp&quot;,&quot;and_rules&quot;:[{&quot;if_field&quot;:&quot;plataform&quot;,&quot;operator&quot;:&quot;equals&quot;,&quot;if_value&quot;:&quot;Web propia&quot;}]},{&quot;then_field&quot;:&quot;G_plataformws2&quot;,&quot;and_rules&quot;:[{&quot;if_field&quot;:&quot;other_plataformws&quot;,&quot;operator&quot;:&quot;equals&quot;,&quot;if_value&quot;:&quot;Otros&quot;}]},{&quot;then_field&quot;:&quot;G_nhas_sales&quot;,&quot;and_rules&quot;:[{&quot;if_field&quot;:&quot;has_sales&quot;,&quot;operator&quot;:&quot;equals&quot;,&quot;if_value&quot;:&quot;No&quot;}]},{&quot;then_field&quot;:&quot;G_reason&quot;,&quot;and_rules&quot;:[{&quot;if_field&quot;:&quot;reasonsales&quot;,&quot;operator&quot;:&quot;equals&quot;,&quot;if_value&quot;:&quot;Otros&quot;}]},{&quot;then_field&quot;:&quot;G_transportproblem&quot;,&quot;and_rules&quot;:[{&quot;if_field&quot;:&quot;reasonsales&quot;,&quot;operator&quot;:&quot;equals&quot;,&quot;if_value&quot;:&quot;Por las dificultades del transporte para el env\\u00edo del producto&quot;}]},{&quot;then_field&quot;:&quot;G_ttransportproblem&quot;,&quot;and_rules&quot;:[{&quot;if_field&quot;:&quot;transportproblem&quot;,&quot;operator&quot;:&quot;equals&quot;,&quot;if_value&quot;:&quot;Otras&quot;}]},{&quot;then_field&quot;:&quot;G_area&quot;,&quot;and_rules&quot;:[{&quot;if_field&quot;:&quot;area&quot;,&quot;operator&quot;:&quot;equals&quot;,&quot;if_value&quot;:&quot;Otro&quot;}]}],&quot;settings&quot;:{&quot;animation&quot;:&quot;yes&quot;,&quot;animation_intime&quot;:200,&quot;animation_outtime&quot;:200,&quot;conditions_ui&quot;:&quot;normal&quot;,&quot;notice_dismissed&quot;:false,&quot;notice_dismissed_update-cf7-6.1&quot;:true}}\" \/><input type=\"hidden\" name=\"_wpcf7_recaptcha_response\" value=\"\" \/>\n<\/fieldset>\n<style>\n body:not(.cf7p-message) .wpcf7-not-valid-tip{\n position: static !important;\n width: 11px !important;\n height: 11px !important;\n background-color: transparent;\n }\n body:not(.cf7p-message) .wpcf7-not-valid-tip:before{\n position: static !important;\n }\n body:not(.cf7p-message) .wpcf7-not-valid-tip:after{\n color: #ed3b2e !important;\n left: 1px;\n top: -3px;\n }\n .divicion{\n display: -ms-flex;\n display: -webkit-flex;\n display: flex;\n }\n .veinte{\n width: 20%;\n }\n .mitad1{\n width: 50%;\n }\n .ochenta{\n width: 80%;\n padding-left: 10px;\n }\n .mitad2{\n width: 50%;\n padding-left: 10px;\n }\n .reasonsales span, .transportproblem span, .plataform span, .area span{\n width: 100%;\n }\n @media only screen and (max-width: 770px){\n .divicion{\n flex-direction: column;\n }\n .divicion div{\n width: 100%;\n padding-left: 0px;\n }\n }\n<\/style>\n<div class=\"divicion\">\n\t<div class=\"mitad1\">\n\t\t<p><label> Tipo de actividad*<br \/>\n<span class=\"wpcf7-form-control-wrap\" data-name=\"tactivity\"><select class=\"wpcf7-form-control wpcf7-select wpcf7-validates-as-required\" aria-required=\"true\" aria-invalid=\"false\" name=\"tactivity\"><option value=\"\">&#8212;Por favor, elige una opci\u00f3n&#8212;<\/option><option value=\"Productor\">Productor<\/option><option value=\"Comercio mayorista\">Comercio mayorista<\/option><option value=\"Comercio minorista\">Comercio minorista<\/option><option value=\"Restauraci\u00f3n\">Restauraci\u00f3n<\/option><option value=\"Hosteler\u00eda\">Hosteler\u00eda<\/option><option value=\"Servicios de ocio y experiencias asociadas al turismo\">Servicios de ocio y experiencias asociadas al turismo<\/option><option value=\"Otro\">Otro<\/option><\/select><\/span><br \/>\n<\/label>\n\t\t<\/p>\n\t<\/div>\n\t<div class=\"mitad2\">\n\t\t<div data-id=\"G_tactivity\" data-orig_data_id=\"G_tactivity\"  class=\"\" data-class=\"wpcf7cf_group\">\n\t\t\t<p><label> Indique cu\u00e1l*<br \/>\n<span class=\"wpcf7-form-control-wrap\" data-name=\"other_tactivity\"><input size=\"40\" maxlength=\"400\" class=\"wpcf7-form-control wpcf7-text wpcf7-validates-as-required\" aria-required=\"true\" aria-invalid=\"false\" value=\"\" type=\"text\" name=\"other_tactivity\" \/><\/span><br \/>\n<\/label>\n\t\t\t<\/p>\n\t\t<\/div>\n\t<\/div>\n<\/div>\n<div class=\"divicion\">\n\t<div class=\"mitad1\">\n\t\t<p><label> Sector de actividad*<br \/>\n<span class=\"wpcf7-form-control-wrap\" data-name=\"sactivity\"><select class=\"wpcf7-form-control wpcf7-select wpcf7-validates-as-required\" aria-required=\"true\" aria-invalid=\"false\" name=\"sactivity\"><option value=\"\">&#8212;Por favor, elige una opci\u00f3n&#8212;<\/option><option value=\"Alimentaci\u00f3n\">Alimentaci\u00f3n<\/option><option value=\"Calzado\/textil\">Calzado\/textil<\/option><option value=\"Libreria\">Libreria<\/option><option value=\"Electr\u00f3nica de consumo\">Electr\u00f3nica de consumo<\/option><option value=\"Jugueter\u00eda\">Jugueter\u00eda<\/option><option value=\"Otro\">Otro<\/option><\/select><\/span><br \/>\n<\/label>\n\t\t<\/p>\n\t<\/div>\n\t<div class=\"mitad2\">\n\t\t<div data-id=\"G_sactivity\" data-orig_data_id=\"G_sactivity\"  class=\"\" data-class=\"wpcf7cf_group\">\n\t\t\t<p><label> Indique cu\u00e1l*<br \/>\n<span class=\"wpcf7-form-control-wrap\" data-name=\"other_sactivity\"><input size=\"40\" maxlength=\"400\" class=\"wpcf7-form-control wpcf7-text wpcf7-validates-as-required\" aria-required=\"true\" aria-invalid=\"false\" value=\"\" type=\"text\" name=\"other_sactivity\" \/><\/span><br \/>\n<\/label>\n\t\t\t<\/p>\n\t\t<\/div>\n\t<\/div>\n<\/div>\n<div class=\"divicion\">\n\t<div class=\"mitad1\">\n\t\t<p><label> Tipo de empresa*<br \/>\n<span class=\"wpcf7-form-control-wrap\" data-name=\"company\"><select class=\"wpcf7-form-control wpcf7-select wpcf7-validates-as-required\" aria-required=\"true\" aria-invalid=\"false\" name=\"company\"><option value=\"\">&#8212;Por favor, elige una opci\u00f3n&#8212;<\/option><option value=\"Familiar\">Familiar<\/option><option value=\"Franquiciada\">Franquiciada<\/option><option value=\"Vinculada con grupo\">Vinculada con grupo<\/option><option value=\"Otro\">Otro<\/option><\/select><\/span><br \/>\n<\/label>\n\t\t<\/p>\n\t<\/div>\n\t<div class=\"mitad2\">\n\t\t<div data-id=\"G_company\" data-orig_data_id=\"G_company\"  class=\"\" data-class=\"wpcf7cf_group\">\n\t\t\t<p><label> Indique cu\u00e1l*<br \/>\n<span class=\"wpcf7-form-control-wrap\" data-name=\"other_company\"><input size=\"40\" maxlength=\"400\" class=\"wpcf7-form-control wpcf7-text wpcf7-validates-as-required\" aria-required=\"true\" aria-invalid=\"false\" value=\"\" type=\"text\" name=\"other_company\" \/><\/span><br \/>\n<\/label>\n\t\t\t<\/p>\n\t\t<\/div>\n\t<\/div>\n<\/div>\n<div class=\"divicion\">\n\t<div class=\"mitad1\">\n\t\t<p><label> Nivel de facturaci\u00f3n anual*<br \/>\n<span class=\"wpcf7-form-control-wrap\" data-name=\"invoice\"><select class=\"wpcf7-form-control wpcf7-select wpcf7-validates-as-required\" aria-required=\"true\" aria-invalid=\"false\" name=\"invoice\"><option value=\"\">&#8212;Por favor, elige una opci\u00f3n&#8212;<\/option><option value=\"Menos de 100.000 \u20ac\">Menos de 100.000 \u20ac<\/option><option value=\"Entre 101.000 \u20ac y 500.000 \u20ac\">Entre 101.000 \u20ac y 500.000 \u20ac<\/option><option value=\"Entre 500.001 \u20ac y 1.000.000 \u20ac\">Entre 500.001 \u20ac y 1.000.000 \u20ac<\/option><option value=\"Superior a 1.000.001 \u20ac\">Superior a 1.000.001 \u20ac<\/option><\/select><\/span><br \/>\n<\/label>\n\t\t<\/p>\n\t<\/div>\n<\/div>\n<div class=\"divicion\">\n\t<div class=\"mitad1\">\n\t\t<p>\u00bfRealiza la empresa ventas a trav\u00e9s de internet?*<br \/>\n<span class=\"wpcf7-form-control-wrap\" data-name=\"has_sales\"><span class=\"wpcf7-form-control wpcf7-radio\"><span class=\"wpcf7-list-item first\"><label><input type=\"radio\" name=\"has_sales\" value=\"Si\" \/><span class=\"wpcf7-list-item-label\">Si<\/span><\/label><\/span><span class=\"wpcf7-list-item last\"><label><input type=\"radio\" name=\"has_sales\" value=\"No\" \/><span class=\"wpcf7-list-item-label\">No<\/span><\/label><\/span><\/span><\/span>\n\t\t<\/p>\n\t<\/div>\n<\/div>\n<div data-id=\"G_has_sales\" data-orig_data_id=\"G_has_sales\"  class=\"\" data-class=\"wpcf7cf_group\">\n\t<div class=\"divicion\">\n\t\t<div class=\"mitad1\">\n\t\t\t<p>\u00bfA trav\u00e9s de que plataforma realiza las ventas? (Respuesta m\u00faltiple)*<br \/>\n<span class=\"wpcf7-form-control-wrap\" data-name=\"plataform\"><span class=\"wpcf7-form-control wpcf7-checkbox wpcf7-validates-as-required\"><span class=\"wpcf7-list-item first\"><label><input type=\"checkbox\" name=\"plataform[]\" value=\"Web propia\" \/><span class=\"wpcf7-list-item-label\">Web propia<\/span><\/label><\/span><span class=\"wpcf7-list-item\"><label><input type=\"checkbox\" name=\"plataform[]\" value=\"Marketplace como Amazon, Alibaba...\" \/><span class=\"wpcf7-list-item-label\">Marketplace como Amazon, Alibaba...<\/span><\/label><\/span><span class=\"wpcf7-list-item last\"><label><input type=\"checkbox\" name=\"plataform[]\" value=\"Otros\" \/><span class=\"wpcf7-list-item-label\">Otros<\/span><\/label><\/span><\/span><\/span>\n\t\t\t<\/p>\n\t\t<\/div>\n\t\t<div class=\"mitad2\">\n\t\t\t<div data-id=\"G_plataform\" data-orig_data_id=\"G_plataform\"  class=\"\" data-class=\"wpcf7cf_group\">\n\t\t\t\t<p><label> Indique cu\u00e1l*<br \/>\n<span class=\"wpcf7-form-control-wrap\" data-name=\"other_plataform\"><input size=\"40\" maxlength=\"400\" class=\"wpcf7-form-control wpcf7-text wpcf7-validates-as-required\" aria-required=\"true\" aria-invalid=\"false\" value=\"\" type=\"text\" name=\"other_plataform\" \/><\/span><br \/>\n<\/label>\n\t\t\t\t<\/p>\n\t\t\t<\/div>\n\t\t<\/div>\n\t<\/div>\n\t<div data-id=\"G_plataformwp\" data-orig_data_id=\"G_plataformwp\"  class=\"\" data-class=\"wpcf7cf_group\">\n\t\t<div class=\"divicion\">\n\t\t\t<div class=\"mitad1\">\n\t\t\t\t<p><label> \u00bfSabr\u00eda indicarnos qu\u00e9 soluci\u00f3n tecnol\u00f3gica utiliza?*<br \/>\n<span class=\"wpcf7-form-control-wrap\" data-name=\"other_plataformws\"><select class=\"wpcf7-form-control wpcf7-select wpcf7-validates-as-required\" aria-required=\"true\" aria-invalid=\"false\" name=\"other_plataformws\"><option value=\"\">&#8212;Por favor, elige una opci\u00f3n&#8212;<\/option><option value=\"Magento\">Magento<\/option><option value=\"Prestashop\">Prestashop<\/option><option value=\"Wordpress\">WordPress<\/option><option value=\"Lo desconozco\">Lo desconozco<\/option><option value=\"Otros\">Otros<\/option><\/select><\/span><br \/>\n<\/label>\n\t\t\t\t<\/p>\n\t\t\t<\/div>\n\t\t\t<div class=\"mitad2\">\n\t\t\t\t<div data-id=\"G_plataformws2\" data-orig_data_id=\"G_plataformws2\"  class=\"\" data-class=\"wpcf7cf_group\">\n\t\t\t\t\t<p><label> Indique cu\u00e1l*<br \/>\n<span class=\"wpcf7-form-control-wrap\" data-name=\"other_plataformws2\"><input size=\"40\" maxlength=\"400\" class=\"wpcf7-form-control wpcf7-text wpcf7-validates-as-required\" aria-required=\"true\" aria-invalid=\"false\" value=\"\" type=\"text\" name=\"other_plataformws2\" \/><\/span><br \/>\n<\/label>\n\t\t\t\t\t<\/p>\n\t\t\t\t<\/div>\n\t\t\t<\/div>\n\t\t<\/div>\n\t<\/div>\n\t<div class=\"divicion\">\n\t\t<div class=\"mitad1\">\n\t\t\t<p><label>\u00bfQu\u00e9 porcentaje de su facturaci\u00f3n representan las ventas por internet?*<br \/>\n<span class=\"wpcf7-form-control-wrap\" data-name=\"percent\"><select class=\"wpcf7-form-control wpcf7-select wpcf7-validates-as-required\" aria-required=\"true\" aria-invalid=\"false\" name=\"percent\"><option value=\"\">&#8212;Por favor, elige una opci\u00f3n&#8212;<\/option><option value=\"Menos del 5%\">Menos del 5%<\/option><option value=\"Entre el 5,01 % y el 10 %\">Entre el 5,01 % y el 10 %<\/option><option value=\"Entre el 10,01 % y el 25 %\">Entre el 10,01 % y el 25 %<\/option><option value=\"Entre el 25,01 % y el 50 %\">Entre el 25,01 % y el 50 %<\/option><option value=\"Por encima del 50 %\">Por encima del 50 %<\/option><\/select><\/span><br \/>\n<\/label>\n\t\t\t<\/p>\n\t\t<\/div>\n\t<\/div>\n\t<div class=\"divicion\">\n\t\t<div class=\"mitad1\">\n\t\t\t<p>\u00bfEn qu\u00e9 territorios vende por internet? (Respuesta m\u00faltiple)*<br \/>\n<span class=\"wpcf7-form-control-wrap\" data-name=\"area\"><span class=\"wpcf7-form-control wpcf7-checkbox wpcf7-validates-as-required\"><span class=\"wpcf7-list-item first\"><label><input type=\"checkbox\" name=\"area[]\" value=\"Propio Municipio\" \/><span class=\"wpcf7-list-item-label\">Propio Municipio<\/span><\/label><\/span><span class=\"wpcf7-list-item\"><label><input type=\"checkbox\" name=\"area[]\" value=\"\u00c1mbito insular\" \/><span class=\"wpcf7-list-item-label\">\u00c1mbito insular<\/span><\/label><\/span><span class=\"wpcf7-list-item\"><label><input type=\"checkbox\" name=\"area[]\" value=\"\u00c1mbito canario\" \/><span class=\"wpcf7-list-item-label\">\u00c1mbito canario<\/span><\/label><\/span><span class=\"wpcf7-list-item\"><label><input type=\"checkbox\" name=\"area[]\" value=\"\u00c1mbito europeo\" \/><span class=\"wpcf7-list-item-label\">\u00c1mbito europeo<\/span><\/label><\/span><span class=\"wpcf7-list-item\"><label><input type=\"checkbox\" name=\"area[]\" value=\"Pen\u00ednsula\" \/><span class=\"wpcf7-list-item-label\">Pen\u00ednsula<\/span><\/label><\/span><span class=\"wpcf7-list-item last\"><label><input type=\"checkbox\" name=\"area[]\" value=\"Otro\" \/><span class=\"wpcf7-list-item-label\">Otro<\/span><\/label><\/span><\/span><\/span>\n\t\t\t<\/p>\n\t\t<\/div>\n\t\t<div class=\"mitad2\">\n\t\t\t<div data-id=\"G_area\" data-orig_data_id=\"G_area\"  class=\"\" data-class=\"wpcf7cf_group\">\n\t\t\t\t<p><label> Indique cu\u00e1l*<br \/>\n<span class=\"wpcf7-form-control-wrap\" data-name=\"other_area\"><input size=\"40\" maxlength=\"400\" class=\"wpcf7-form-control wpcf7-text wpcf7-validates-as-required\" aria-required=\"true\" aria-invalid=\"false\" value=\"\" type=\"text\" name=\"other_area\" \/><\/span><br \/>\n<\/label>\n\t\t\t\t<\/p>\n\t\t\t<\/div>\n\t\t<\/div>\n\t<\/div>\n\t<p><label> \u00bfPuede indicar qu\u00e9 aspectos echa en falta para mejorar sus ventas a trav\u00e9s del canal online? (opcional)<br \/>\n<span class=\"wpcf7-form-control-wrap\" data-name=\"descriptionyes\"><textarea cols=\"40\" rows=\"10\" maxlength=\"2000\" class=\"wpcf7-form-control wpcf7-textarea\" aria-invalid=\"false\" name=\"descriptionyes\"><\/textarea><\/span><br \/>\n<\/label>\n\t<\/p>\n<\/div>\n<div data-id=\"G_nhas_sales\" data-orig_data_id=\"G_nhas_sales\"  class=\"\" data-class=\"wpcf7cf_group\">\n\t<p>\u00bfCu\u00e1l es el motivo por el que no tiene ventas a trav\u00e9s de internet? (Respuesta m\u00faltiple)*<br \/>\n<span class=\"wpcf7-form-control-wrap\" data-name=\"reasonsales\"><span class=\"wpcf7-form-control wpcf7-checkbox wpcf7-validates-as-required\"><span class=\"wpcf7-list-item first\"><label><input type=\"checkbox\" name=\"reasonsales[]\" value=\"Por desconocimiento\" \/><span class=\"wpcf7-list-item-label\">Por desconocimiento<\/span><\/label><\/span><span class=\"wpcf7-list-item\"><label><input type=\"checkbox\" name=\"reasonsales[]\" value=\"Por dificultades para asumir la inversi\u00f3n necesaria\" \/><span class=\"wpcf7-list-item-label\">Por dificultades para asumir la inversi\u00f3n necesaria<\/span><\/label><\/span><span class=\"wpcf7-list-item\"><label><input type=\"checkbox\" name=\"reasonsales[]\" value=\"Por no tener capacidad para atender los pedidos por capacidad de producci\u00f3n\" \/><span class=\"wpcf7-list-item-label\">Por no tener capacidad para atender los pedidos por capacidad de producci\u00f3n<\/span><\/label><\/span><span class=\"wpcf7-list-item\"><label><input type=\"checkbox\" name=\"reasonsales[]\" value=\"Por no tener capacidad para atender los pedidos por capacidad de almacenamiento\" \/><span class=\"wpcf7-list-item-label\">Por no tener capacidad para atender los pedidos por capacidad de almacenamiento<\/span><\/label><\/span><span class=\"wpcf7-list-item\"><label><input type=\"checkbox\" name=\"reasonsales[]\" value=\"Por las dificultades del transporte para el env\u00edo del producto\" \/><span class=\"wpcf7-list-item-label\">Por las dificultades del transporte para el env\u00edo del producto<\/span><\/label><\/span><span class=\"wpcf7-list-item\"><label><input type=\"checkbox\" name=\"reasonsales[]\" value=\"Por la dificultad para gestionar de manera paralela la actividad f\u00edsica y la digital\" \/><span class=\"wpcf7-list-item-label\">Por la dificultad para gestionar de manera paralela la actividad f\u00edsica y la digital<\/span><\/label><\/span><span class=\"wpcf7-list-item\"><label><input type=\"checkbox\" name=\"reasonsales[]\" value=\"Porque no tiene inter\u00e9s en abrir este canal dado su tipo de cliente y producto\" \/><span class=\"wpcf7-list-item-label\">Porque no tiene inter\u00e9s en abrir este canal dado su tipo de cliente y producto<\/span><\/label><\/span><span class=\"wpcf7-list-item last\"><label><input type=\"checkbox\" name=\"reasonsales[]\" value=\"Otros\" \/><span class=\"wpcf7-list-item-label\">Otros<\/span><\/label><\/span><\/span><\/span>\n\t<\/p>\n\t<div class=\"divicion\">\n\t\t<div class=\"mitad1\">\n\t\t\t<div data-id=\"G_reason\" data-orig_data_id=\"G_reason\"  class=\"\" data-class=\"wpcf7cf_group\">\n\t\t\t\t<p><label>Indique cu\u00e1les*<br \/>\n<span class=\"wpcf7-form-control-wrap\" data-name=\"other_reason\"><input size=\"40\" maxlength=\"400\" class=\"wpcf7-form-control wpcf7-text wpcf7-validates-as-required\" aria-required=\"true\" aria-invalid=\"false\" value=\"\" type=\"text\" name=\"other_reason\" \/><\/span><br \/>\n<\/label>\n\t\t\t\t<\/p>\n\t\t\t<\/div>\n\t\t<\/div>\n\t<\/div>\n\t<div class=\"divicion\">\n\t\t<div class=\"mitad1\">\n\t\t\t<div data-id=\"G_transportproblem\" data-orig_data_id=\"G_transportproblem\"  class=\"\" data-class=\"wpcf7cf_group\">\n\t\t\t\t<p>Indique cu\u00e1l seria su dificultad en el transporte(Respuesta m\u00faltiple)*<br \/>\n<span class=\"wpcf7-form-control-wrap\" data-name=\"transportproblem\"><span class=\"wpcf7-form-control wpcf7-checkbox wpcf7-validates-as-required\"><span class=\"wpcf7-list-item first\"><label><input type=\"checkbox\" name=\"transportproblem[]\" value=\"Incremento del coste\" \/><span class=\"wpcf7-list-item-label\">Incremento del coste<\/span><\/label><\/span><span class=\"wpcf7-list-item\"><label><input type=\"checkbox\" name=\"transportproblem[]\" value=\"Falta de proveedores\" \/><span class=\"wpcf7-list-item-label\">Falta de proveedores<\/span><\/label><\/span><span class=\"wpcf7-list-item\"><label><input type=\"checkbox\" name=\"transportproblem[]\" value=\"Complicaciones aduaneras\" \/><span class=\"wpcf7-list-item-label\">Complicaciones aduaneras<\/span><\/label><\/span><span class=\"wpcf7-list-item last\"><label><input type=\"checkbox\" name=\"transportproblem[]\" value=\"Otras\" \/><span class=\"wpcf7-list-item-label\">Otras<\/span><\/label><\/span><\/span><\/span>\n\t\t\t\t<\/p>\n\t\t\t<\/div>\n\t\t<\/div>\n\t\t<div class=\"mitad2\">\n\t\t\t<div data-id=\"G_ttransportproblem\" data-orig_data_id=\"G_ttransportproblem\"  class=\"\" data-class=\"wpcf7cf_group\">\n\t\t\t\t<p><label>Indique cu\u00e1les*<br \/>\n<span class=\"wpcf7-form-control-wrap\" data-name=\"other_transportproblem\"><input size=\"40\" maxlength=\"400\" class=\"wpcf7-form-control wpcf7-text wpcf7-validates-as-required\" aria-required=\"true\" aria-invalid=\"false\" value=\"\" type=\"text\" name=\"other_transportproblem\" \/><\/span><br \/>\n<\/label>\n\t\t\t\t<\/p>\n\t\t\t<\/div>\n\t\t<\/div>\n\t<\/div>\n\t<div class=\"divicion\">\n\t\t<div class=\"mitad1\">\n\t\t\t<p>Si el\/los motivo\/s que indic\u00f3 anteriormente se resolviera\/n, estar\u00eda interesado en considerar la venta a trav\u00e9s de internet*<br \/>\n<span class=\"wpcf7-form-control-wrap\" data-name=\"wants_sales\"><span class=\"wpcf7-form-control wpcf7-radio\"><span class=\"wpcf7-list-item first\"><label><input type=\"radio\" name=\"wants_sales\" value=\"Si\" \/><span class=\"wpcf7-list-item-label\">Si<\/span><\/label><\/span><span class=\"wpcf7-list-item last\"><label><input type=\"radio\" name=\"wants_sales\" value=\"No\" \/><span class=\"wpcf7-list-item-label\">No<\/span><\/label><\/span><\/span><\/span>\n\t\t\t<\/p>\n\t\t<\/div>\n\t<\/div>\n\t<p><label> \u00bfCu\u00e1l es el factor determinante que le har\u00eda considerar la venta a trav\u00e9s de internet?(opcional)<br \/>\n<span class=\"wpcf7-form-control-wrap\" data-name=\"descriptionno\"><textarea cols=\"40\" rows=\"10\" maxlength=\"2000\" class=\"wpcf7-form-control wpcf7-textarea\" aria-invalid=\"false\" name=\"descriptionno\"><\/textarea><\/span><br \/>\n<\/label>\n\t<\/p>\n<\/div>\n<p>[honeypot honeypot]<br \/>\n<br \/>\n<input class=\"wpcf7-form-control wpcf7-submit has-spinner\" type=\"submit\" value=\"Enviar\" \/>\n<\/p><div class=\"wpcf7-response-output\" aria-hidden=\"true\"><\/div>\n<\/form>\n<\/div>\n<\/div>\n\t\t\t\t\t\t<\/div>\n\t\t\t\t<\/div>\n\t\t\t\t\t<\/div>\n\t\t<\/div>\n\t\t\t\t\t<\/div>\n\t\t<\/section>\n\t\t\t\t<\/div>\n\t\t","protected":false},"excerpt":{"rendered":"Tipo de actividad* &#8212;Por favor, elige una opci\u00f3n&#8212;ProductorComercio mayoristaComercio minoristaRestauraci\u00f3nHosteler\u00edaServicios de ocio y experiencias asociadas al turismoOtro Indique cu\u00e1l* Sector de actividad* &#8212;Por favor, elige una<span class=\"excerpt-hellip\"> [\u2026]<\/span>","protected":false},"author":2,"featured_media":0,"parent":0,"menu_order":0,"comment_status":"closed","ping_status":"closed","template":"","meta":{"footnotes":""},"class_list":["post-1595","page","type-page","status-publish","hentry"],"_links":{"self":[{"href":"https:\/\/www.talecsystem.com\/es\/wp-json\/wp\/v2\/pages\/1595","targetHints":{"allow":["GET"]}}],"collection":[{"href":"https:\/\/www.talecsystem.com\/es\/wp-json\/wp\/v2\/pages"}],"about":[{"href":"https:\/\/www.talecsystem.com\/es\/wp-json\/wp\/v2\/types\/page"}],"author":[{"embeddable":true,"href":"https:\/\/www.talecsystem.com\/es\/wp-json\/wp\/v2\/users\/2"}],"replies":[{"embeddable":true,"href":"https:\/\/www.talecsystem.com\/es\/wp-json\/wp\/v2\/comments?post=1595"}],"version-history":[{"count":0,"href":"https:\/\/www.talecsystem.com\/es\/wp-json\/wp\/v2\/pages\/1595\/revisions"}],"wp:attachment":[{"href":"https:\/\/www.talecsystem.com\/es\/wp-json\/wp\/v2\/media?parent=1595"}],"curies":[{"name":"wp","href":"https:\/\/api.w.org\/{rel}","templated":true}]}}