{"id":1520,"date":"2022-04-08T09:35:20","date_gmt":"2022-04-08T09:35:20","guid":{"rendered":"https:\/\/www.talecsystem.com\/?page_id=1520"},"modified":"2022-04-08T09:37:29","modified_gmt":"2022-04-08T09:37:29","slug":"sobre-nosotros","status":"publish","type":"page","link":"https:\/\/www.talecsystem.com\/es\/sobre-nosotros\/","title":{"rendered":"Sobre nosotros"},"content":{"rendered":"\t\t<div data-elementor-type=\"wp-page\" data-elementor-id=\"1520\" class=\"elementor elementor-1520\">\n\t\t\t\t\t\t<section class=\"elementor-section elementor-top-section elementor-element elementor-element-d7c2742 elementor-section-boxed elementor-section-height-default elementor-section-height-default\" data-id=\"d7c2742\" data-element_type=\"section\">\n\t\t\t\t\t\t<div class=\"elementor-container elementor-column-gap-default\">\n\t\t\t\t\t<div class=\"elementor-column elementor-col-50 elementor-top-column elementor-element elementor-element-141b442\" data-id=\"141b442\" data-element_type=\"column\">\n\t\t\t<div class=\"elementor-widget-wrap elementor-element-populated\">\n\t\t\t\t\t\t<div class=\"elementor-element elementor-element-cad1b20 elementor-widget elementor-widget-html\" data-id=\"cad1b20\" data-element_type=\"widget\" data-widget_type=\"html.default\">\n\t\t\t\t<div class=\"elementor-widget-container\">\n\t\t\t\t\t<br>\n<h1>Sobre nosotros,<strong>en pocas palabras.<\/strong><\/h1>\n<br \/>\n<h3><p><strong>Talec System<\/strong>, est\u00e1 formado por un equipo de especialistas en diversos sectores, que te ayudar\u00e1n a redefinir lo que puedes llegar a conseguir en tu negocio\/empresa o servicio, con nuestra soluci\u00f3n.<\/p><\/h3>\n\n<p>Muchos a\u00f1os de experiencia siendo punteros en cada uno de estos sectores que forman el equipo, desde los desarrolladores, comercializadores, log\u00edsticos, financieros, dise\u00f1adores y otros.<\/p>\n\n<p>Queremos facilitar a los aut\u00f3nomos y a las pymes una herramienta accesible que les permita digitalizar\/transformar digitalmente sus negocios y competir en igualdad de condiciones en los mercados locales y globales.<\/p>\t\t\t\t<\/div>\n\t\t\t\t<\/div>\n\t\t\t\t\t<\/div>\n\t\t<\/div>\n\t\t\t\t<div class=\"elementor-column elementor-col-50 elementor-top-column elementor-element elementor-element-8f98fc9\" data-id=\"8f98fc9\" data-element_type=\"column\">\n\t\t\t<div class=\"elementor-widget-wrap elementor-element-populated\">\n\t\t\t\t\t\t<div class=\"elementor-element elementor-element-40e92f9 elementor-widget elementor-widget-image\" data-id=\"40e92f9\" data-element_type=\"widget\" data-widget_type=\"image.default\">\n\t\t\t\t<div class=\"elementor-widget-container\">\n\t\t\t\t\t\t\t\t\t\t\t\t\t\t\t<img fetchpriority=\"high\" decoding=\"async\" width=\"780\" height=\"780\" src=\"https:\/\/www.talecsystem.com\/wp-content\/uploads\/2020\/05\/quienes-somos1.png\" class=\"attachment-large size-large wp-image-194\" alt=\"\" srcset=\"https:\/\/www.talecsystem.com\/wp-content\/uploads\/2020\/05\/quienes-somos1.png 780w, https:\/\/www.talecsystem.com\/wp-content\/uploads\/2020\/05\/quienes-somos1-300x300.png 300w, https:\/\/www.talecsystem.com\/wp-content\/uploads\/2020\/05\/quienes-somos1-150x150.png 150w, https:\/\/www.talecsystem.com\/wp-content\/uploads\/2020\/05\/quienes-somos1-768x768.png 768w, https:\/\/www.talecsystem.com\/wp-content\/uploads\/2020\/05\/quienes-somos1-146x146.png 146w, https:\/\/www.talecsystem.com\/wp-content\/uploads\/2020\/05\/quienes-somos1-50x50.png 50w, https:\/\/www.talecsystem.com\/wp-content\/uploads\/2020\/05\/quienes-somos1-75x75.png 75w, https:\/\/www.talecsystem.com\/wp-content\/uploads\/2020\/05\/quienes-somos1-85x85.png 85w, https:\/\/www.talecsystem.com\/wp-content\/uploads\/2020\/05\/quienes-somos1-80x80.png 80w\" sizes=\"(max-width:767px) 480px, (max-width:780px) 100vw, 780px\" \/>\t\t\t\t\t\t\t\t\t\t\t\t\t\t\t<\/div>\n\t\t\t\t<\/div>\n\t\t\t\t\t<\/div>\n\t\t<\/div>\n\t\t\t\t\t<\/div>\n\t\t<\/section>\n\t\t\t\t<section class=\"elementor-section elementor-top-section elementor-element elementor-element-a832df1 elementor-section-boxed elementor-section-height-default elementor-section-height-default\" data-id=\"a832df1\" data-element_type=\"section\">\n\t\t\t\t\t\t<div class=\"elementor-container elementor-column-gap-default\">\n\t\t\t\t\t<div class=\"elementor-column elementor-col-100 elementor-top-column elementor-element elementor-element-1136831\" data-id=\"1136831\" data-element_type=\"column\">\n\t\t\t<div class=\"elementor-widget-wrap elementor-element-populated\">\n\t\t\t\t\t\t<div class=\"elementor-element elementor-element-c266358 elementor-widget elementor-widget-shortcode\" data-id=\"c266358\" data-element_type=\"widget\" data-widget_type=\"shortcode.default\">\n\t\t\t\t<div class=\"elementor-widget-container\">\n\t\t\t\t\t\t\t<div class=\"elementor-shortcode\"><div class=\"call_to_action\"><div class=\"call_to_action_wrapper\"><div class=\"call_left\"><h3 class=\"title \">\u00bfQuieres saber m\u00e1s sobre como podemos ayudarte?<\/h3><\/div><div class=\"call_center\"><a href=\"https:\/\/www.talecsystem.com\/contacto\/\" class=\"\"  ><span class=\"icon_wrapper\"><i class=\"icon-mail\" aria-hidden=\"true\"><\/i><\/span><\/a><\/div><div class=\"call_right\"><div class=\"desc\">\nDesde <strong>Talec System<\/strong> estamos encantados de ayudarte. No dejes de trasladarnos todas tus dudas a trav\u00e9s de nuestra \u00e1rea de contacto y en breve daremos respuesta a todo lo que necesites.  S\u00f3lo tienes que hacer click en el icono y rellenar el formulario.\n<\/div><\/div><\/div><\/div>\n<\/div>\n\t\t\t\t\t\t<\/div>\n\t\t\t\t<\/div>\n\t\t\t\t\t<\/div>\n\t\t<\/div>\n\t\t\t\t\t<\/div>\n\t\t<\/section>\n\t\t\t\t<\/div>\n\t\t","protected":false},"excerpt":{"rendered":"<p>Sobre nosotros,en pocas palabras. Talec System, est\u00e1 formado por un equipo de especialistas en diversos sectores, que te ayudar\u00e1n a redefinir lo que puedes llegar a<span class=\"excerpt-hellip\"> [\u2026]<\/span><\/p>\n","protected":false},"author":2,"featured_media":0,"parent":0,"menu_order":0,"comment_status":"closed","ping_status":"closed","template":"","meta":{"footnotes":""},"class_list":["post-1520","page","type-page","status-publish","hentry"],"_links":{"self":[{"href":"https:\/\/www.talecsystem.com\/es\/wp-json\/wp\/v2\/pages\/1520","targetHints":{"allow":["GET"]}}],"collection":[{"href":"https:\/\/www.talecsystem.com\/es\/wp-json\/wp\/v2\/pages"}],"about":[{"href":"https:\/\/www.talecsystem.com\/es\/wp-json\/wp\/v2\/types\/page"}],"author":[{"embeddable":true,"href":"https:\/\/www.talecsystem.com\/es\/wp-json\/wp\/v2\/users\/2"}],"replies":[{"embeddable":true,"href":"https:\/\/www.talecsystem.com\/es\/wp-json\/wp\/v2\/comments?post=1520"}],"version-history":[{"count":0,"href":"https:\/\/www.talecsystem.com\/es\/wp-json\/wp\/v2\/pages\/1520\/revisions"}],"wp:attachment":[{"href":"https:\/\/www.talecsystem.com\/es\/wp-json\/wp\/v2\/media?parent=1520"}],"curies":[{"name":"wp","href":"https:\/\/api.w.org\/{rel}","templated":true}]}}