{"id":1502,"date":"2022-04-08T09:25:34","date_gmt":"2022-04-08T09:25:34","guid":{"rendered":"https:\/\/www.talecsystem.com\/?page_id=1502"},"modified":"2022-04-08T09:30:02","modified_gmt":"2022-04-08T09:30:02","slug":"mision-vision-y-calidad-2","status":"publish","type":"page","link":"https:\/\/www.talecsystem.com\/es\/mision-vision-y-calidad-2\/","title":{"rendered":"Misi\u00f3n visi\u00f3n y calidad"},"content":{"rendered":"\t\t<div data-elementor-type=\"wp-page\" data-elementor-id=\"1502\" class=\"elementor elementor-1502\">\n\t\t\t\t\t\t<section class=\"elementor-section elementor-top-section elementor-element elementor-element-554ca82 elementor-section-boxed elementor-section-height-default elementor-section-height-default\" data-id=\"554ca82\" data-element_type=\"section\">\n\t\t\t\t\t\t<div class=\"elementor-container elementor-column-gap-default\">\n\t\t\t\t\t<div class=\"elementor-column elementor-col-50 elementor-top-column elementor-element elementor-element-ae0cbcf\" data-id=\"ae0cbcf\" data-element_type=\"column\">\n\t\t\t<div class=\"elementor-widget-wrap elementor-element-populated\">\n\t\t\t\t\t\t<div class=\"elementor-element elementor-element-fe7cc05 elementor-widget elementor-widget-html\" data-id=\"fe7cc05\" data-element_type=\"widget\" data-widget_type=\"html.default\">\n\t\t\t\t<div class=\"elementor-widget-container\">\n\t\t\t\t\t<br \/>\n<br \/>\n<h1>Nuestra Misi\u00f3n<\/h1>\n<br \/>\n\n<p>Nuestro principal objetivo es ofrecer un novedoso sistema con el que mediante de licencias de uso, mostremos <strong>soluciones viables y sencillas<\/strong> al presente reto de la <strong>digitalizaci\u00f3n de procesos<\/strong> en los negocios de Aut\u00f3nomos, Empresas y Comercios, brindando para cada uno de ellos la soluci\u00f3n m\u00e1s adecuada a sus necesidades.<\/p>\n<p>\nHemos creado un sistema formado por soluciones integrales que permite el acceso de forma individual o colectiva a un nuevo mundo de oportunidades, haciendo a nuestros clientes part\u00edcipes de una nueva forma de competir en un mundo global, pero a trav\u00e9s de soluciones locales, donde el respeto a la individualidad, la singularidad y la suma de esfuerzos nos permita crear un mejor equilibro para configurar una sociedad mejor.<\/p>\t\t\t\t<\/div>\n\t\t\t\t<\/div>\n\t\t\t\t\t<\/div>\n\t\t<\/div>\n\t\t\t\t<div class=\"elementor-column elementor-col-50 elementor-top-column elementor-element elementor-element-14feafd\" data-id=\"14feafd\" data-element_type=\"column\">\n\t\t\t<div class=\"elementor-widget-wrap elementor-element-populated\">\n\t\t\t\t\t\t<div class=\"elementor-element elementor-element-9511c8c elementor-widget elementor-widget-image\" data-id=\"9511c8c\" data-element_type=\"widget\" data-widget_type=\"image.default\">\n\t\t\t\t<div class=\"elementor-widget-container\">\n\t\t\t\t\t\t\t\t\t\t\t\t\t\t\t<img fetchpriority=\"high\" decoding=\"async\" width=\"780\" height=\"780\" src=\"https:\/\/www.talecsystem.com\/wp-content\/uploads\/2020\/05\/mision-vision-image.png\" class=\"attachment-large size-large wp-image-211\" alt=\"\" srcset=\"https:\/\/www.talecsystem.com\/wp-content\/uploads\/2020\/05\/mision-vision-image.png 780w, https:\/\/www.talecsystem.com\/wp-content\/uploads\/2020\/05\/mision-vision-image-300x300.png 300w, https:\/\/www.talecsystem.com\/wp-content\/uploads\/2020\/05\/mision-vision-image-150x150.png 150w, https:\/\/www.talecsystem.com\/wp-content\/uploads\/2020\/05\/mision-vision-image-768x768.png 768w, https:\/\/www.talecsystem.com\/wp-content\/uploads\/2020\/05\/mision-vision-image-146x146.png 146w, https:\/\/www.talecsystem.com\/wp-content\/uploads\/2020\/05\/mision-vision-image-50x50.png 50w, https:\/\/www.talecsystem.com\/wp-content\/uploads\/2020\/05\/mision-vision-image-75x75.png 75w, https:\/\/www.talecsystem.com\/wp-content\/uploads\/2020\/05\/mision-vision-image-85x85.png 85w, https:\/\/www.talecsystem.com\/wp-content\/uploads\/2020\/05\/mision-vision-image-80x80.png 80w\" sizes=\"(max-width:767px) 480px, (max-width:780px) 100vw, 780px\" \/>\t\t\t\t\t\t\t\t\t\t\t\t\t\t\t<\/div>\n\t\t\t\t<\/div>\n\t\t\t\t\t<\/div>\n\t\t<\/div>\n\t\t\t\t\t<\/div>\n\t\t<\/section>\n\t\t\t\t<section class=\"elementor-section elementor-top-section elementor-element elementor-element-c5cf240 elementor-section-boxed elementor-section-height-default elementor-section-height-default\" data-id=\"c5cf240\" data-element_type=\"section\">\n\t\t\t\t\t\t<div class=\"elementor-container elementor-column-gap-default\">\n\t\t\t\t\t<div class=\"elementor-column elementor-col-50 elementor-top-column elementor-element elementor-element-2173f8a\" data-id=\"2173f8a\" data-element_type=\"column\">\n\t\t\t<div class=\"elementor-widget-wrap elementor-element-populated\">\n\t\t\t\t\t\t<div class=\"elementor-element elementor-element-8c18a81 elementor-widget elementor-widget-image\" data-id=\"8c18a81\" data-element_type=\"widget\" data-widget_type=\"image.default\">\n\t\t\t\t<div class=\"elementor-widget-container\">\n\t\t\t\t\t\t\t\t\t\t\t\t\t\t\t<img decoding=\"async\" width=\"780\" height=\"780\" src=\"https:\/\/www.talecsystem.com\/wp-content\/uploads\/2020\/05\/vision.png\" class=\"attachment-large size-large wp-image-212\" alt=\"\" srcset=\"https:\/\/www.talecsystem.com\/wp-content\/uploads\/2020\/05\/vision.png 780w, https:\/\/www.talecsystem.com\/wp-content\/uploads\/2020\/05\/vision-300x300.png 300w, https:\/\/www.talecsystem.com\/wp-content\/uploads\/2020\/05\/vision-150x150.png 150w, https:\/\/www.talecsystem.com\/wp-content\/uploads\/2020\/05\/vision-768x768.png 768w, https:\/\/www.talecsystem.com\/wp-content\/uploads\/2020\/05\/vision-146x146.png 146w, https:\/\/www.talecsystem.com\/wp-content\/uploads\/2020\/05\/vision-50x50.png 50w, https:\/\/www.talecsystem.com\/wp-content\/uploads\/2020\/05\/vision-75x75.png 75w, https:\/\/www.talecsystem.com\/wp-content\/uploads\/2020\/05\/vision-85x85.png 85w, https:\/\/www.talecsystem.com\/wp-content\/uploads\/2020\/05\/vision-80x80.png 80w\" sizes=\"(max-width:767px) 480px, (max-width:780px) 100vw, 780px\" \/>\t\t\t\t\t\t\t\t\t\t\t\t\t\t\t<\/div>\n\t\t\t\t<\/div>\n\t\t\t\t\t<\/div>\n\t\t<\/div>\n\t\t\t\t<div class=\"elementor-column elementor-col-50 elementor-top-column elementor-element elementor-element-4575194\" data-id=\"4575194\" data-element_type=\"column\">\n\t\t\t<div class=\"elementor-widget-wrap elementor-element-populated\">\n\t\t\t\t\t\t<div class=\"elementor-element elementor-element-fd93cc2 elementor-widget elementor-widget-html\" data-id=\"fd93cc2\" data-element_type=\"widget\" data-widget_type=\"html.default\">\n\t\t\t\t<div class=\"elementor-widget-container\">\n\t\t\t\t\t<br \/>\n<h1>Nuestra Visi\u00f3n<\/h1>\n<br \/>\n\nNuestro mayor compromiso es el respeto al esfuerzo de cada uno de nuestros aut\u00f3nomos y peque\u00f1as empresas, que cada d\u00eda han de competir en mercados globales bajo las directrices de sistemas desiguales. Nos permitimos dise\u00f1ar un sistema m\u00e1s din\u00e1mico que favorezca la igualdad de condiciones y el respeto hacia quienes aportan una identidad propia y marcan la diferencia. Un lugar donde cada uno pueda gestionar y tomar las decisiones que mejor se adapten a su actividad, con un acceso a los datos reales y que \u00e9stos permitan conocer las caracter\u00edsticas de aquellos que consumen sus productos y servicios. Un espacio donde la demanda de la transformaci\u00f3n digital de los comercios y empresas tradicionales sea posible y f\u00e1cilmente acometible.\n\t\t\t\t<\/div>\n\t\t\t\t<\/div>\n\t\t\t\t\t<\/div>\n\t\t<\/div>\n\t\t\t\t\t<\/div>\n\t\t<\/section>\n\t\t\t\t<section class=\"elementor-section elementor-top-section elementor-element elementor-element-1f5c764 elementor-section-boxed elementor-section-height-default elementor-section-height-default\" data-id=\"1f5c764\" data-element_type=\"section\">\n\t\t\t\t\t\t<div class=\"elementor-container elementor-column-gap-default\">\n\t\t\t\t\t<div class=\"elementor-column elementor-col-50 elementor-top-column elementor-element elementor-element-c330e4a\" data-id=\"c330e4a\" data-element_type=\"column\">\n\t\t\t<div class=\"elementor-widget-wrap elementor-element-populated\">\n\t\t\t\t\t\t<div class=\"elementor-element elementor-element-2f2580a elementor-widget elementor-widget-html\" data-id=\"2f2580a\" data-element_type=\"widget\" data-widget_type=\"html.default\">\n\t\t\t\t<div class=\"elementor-widget-container\">\n\t\t\t\t\t<br \/>\n<br \/>\n<h1>Calidad<\/h1>\n<br \/>\n\nLa Calidad y seguridad son uno de nuestros pilares. Es importante para nosotros que los profesionales que adoptan nuestro sistema puedan confiar en el mismo y centrarse plenamente en el transcurso de su actividad y su labor diaria. Para ello, garantizamos el cumplimiento de las normativas, alimentarias, de consumo, fiscales y de protecci\u00f3n de datos, as\u00ed como la seguridad en el transporte, la trazabilidad en las operaciones, o los medios de pago, adem\u00e1s de la adecuaci\u00f3n\/adaptaci\u00f3n a las futuras nuevas normativas que se deban de cumplir para ejercer el comercio electr\u00f3nico.\t\t\t\t<\/div>\n\t\t\t\t<\/div>\n\t\t\t\t\t<\/div>\n\t\t<\/div>\n\t\t\t\t<div class=\"elementor-column elementor-col-50 elementor-top-column elementor-element elementor-element-b21d22d\" data-id=\"b21d22d\" data-element_type=\"column\">\n\t\t\t<div class=\"elementor-widget-wrap elementor-element-populated\">\n\t\t\t\t\t\t<div class=\"elementor-element elementor-element-6024ba0 elementor-widget elementor-widget-image\" data-id=\"6024ba0\" data-element_type=\"widget\" data-widget_type=\"image.default\">\n\t\t\t\t<div class=\"elementor-widget-container\">\n\t\t\t\t\t\t\t\t\t\t\t\t\t\t\t<img decoding=\"async\" width=\"780\" height=\"780\" src=\"https:\/\/www.talecsystem.com\/wp-content\/uploads\/2020\/05\/calidad.png\" class=\"attachment-large size-large wp-image-213\" alt=\"\" srcset=\"https:\/\/www.talecsystem.com\/wp-content\/uploads\/2020\/05\/calidad.png 780w, https:\/\/www.talecsystem.com\/wp-content\/uploads\/2020\/05\/calidad-300x300.png 300w, https:\/\/www.talecsystem.com\/wp-content\/uploads\/2020\/05\/calidad-150x150.png 150w, https:\/\/www.talecsystem.com\/wp-content\/uploads\/2020\/05\/calidad-768x768.png 768w, https:\/\/www.talecsystem.com\/wp-content\/uploads\/2020\/05\/calidad-146x146.png 146w, https:\/\/www.talecsystem.com\/wp-content\/uploads\/2020\/05\/calidad-50x50.png 50w, https:\/\/www.talecsystem.com\/wp-content\/uploads\/2020\/05\/calidad-75x75.png 75w, https:\/\/www.talecsystem.com\/wp-content\/uploads\/2020\/05\/calidad-85x85.png 85w, https:\/\/www.talecsystem.com\/wp-content\/uploads\/2020\/05\/calidad-80x80.png 80w\" sizes=\"(max-width:767px) 480px, (max-width:780px) 100vw, 780px\" \/>\t\t\t\t\t\t\t\t\t\t\t\t\t\t\t<\/div>\n\t\t\t\t<\/div>\n\t\t\t\t\t<\/div>\n\t\t<\/div>\n\t\t\t\t\t<\/div>\n\t\t<\/section>\n\t\t\t\t<section class=\"elementor-section elementor-top-section elementor-element elementor-element-e549bab elementor-section-boxed elementor-section-height-default elementor-section-height-default\" data-id=\"e549bab\" data-element_type=\"section\">\n\t\t\t\t\t\t<div class=\"elementor-container elementor-column-gap-default\">\n\t\t\t\t\t<div class=\"elementor-column elementor-col-100 elementor-top-column elementor-element elementor-element-c2e0309\" data-id=\"c2e0309\" data-element_type=\"column\">\n\t\t\t<div class=\"elementor-widget-wrap elementor-element-populated\">\n\t\t\t\t\t\t<div class=\"elementor-element elementor-element-7168698 elementor-widget elementor-widget-shortcode\" data-id=\"7168698\" data-element_type=\"widget\" data-widget_type=\"shortcode.default\">\n\t\t\t\t<div class=\"elementor-widget-container\">\n\t\t\t\t\t\t\t<div class=\"elementor-shortcode\"><div class=\"call_to_action\"><div class=\"call_to_action_wrapper\"><div class=\"call_left\"><h3 class=\"title \">\u00bfQuieres saber m\u00e1s sobre como podemos ayudarte?<\/h3><\/div><div class=\"call_center\"><a href=\"https:\/\/www.talecsystem.com\/contacto\/\" class=\"\"  ><span class=\"icon_wrapper\"><i class=\"icon-mail\" aria-hidden=\"true\"><\/i><\/span><\/a><\/div><div class=\"call_right\"><div class=\"desc\">\nDesde <strong>Talec System<\/strong> estamos encantados de ayudarte. No dejes de trasladarnos todas tus dudas a trav\u00e9s de nuestra \u00e1rea de contacto y en breve daremos respuesta a todo lo que necesites.  S\u00f3lo tienes que hacer click en el icono y rellenar el formulario.\n<\/div><\/div><\/div><\/div>\n<\/div>\n\t\t\t\t\t\t<\/div>\n\t\t\t\t<\/div>\n\t\t\t\t\t<\/div>\n\t\t<\/div>\n\t\t\t\t\t<\/div>\n\t\t<\/section>\n\t\t\t\t<\/div>\n\t\t","protected":false},"excerpt":{"rendered":"<p>Nuestra Misi\u00f3n Nuestro principal objetivo es ofrecer un novedoso sistema con el que mediante de licencias de uso, mostremos soluciones viables y sencillas al presente reto<span class=\"excerpt-hellip\"> [\u2026]<\/span><\/p>\n","protected":false},"author":2,"featured_media":0,"parent":0,"menu_order":0,"comment_status":"closed","ping_status":"closed","template":"","meta":{"footnotes":""},"class_list":["post-1502","page","type-page","status-publish","hentry"],"_links":{"self":[{"href":"https:\/\/www.talecsystem.com\/es\/wp-json\/wp\/v2\/pages\/1502","targetHints":{"allow":["GET"]}}],"collection":[{"href":"https:\/\/www.talecsystem.com\/es\/wp-json\/wp\/v2\/pages"}],"about":[{"href":"https:\/\/www.talecsystem.com\/es\/wp-json\/wp\/v2\/types\/page"}],"author":[{"embeddable":true,"href":"https:\/\/www.talecsystem.com\/es\/wp-json\/wp\/v2\/users\/2"}],"replies":[{"embeddable":true,"href":"https:\/\/www.talecsystem.com\/es\/wp-json\/wp\/v2\/comments?post=1502"}],"version-history":[{"count":0,"href":"https:\/\/www.talecsystem.com\/es\/wp-json\/wp\/v2\/pages\/1502\/revisions"}],"wp:attachment":[{"href":"https:\/\/www.talecsystem.com\/es\/wp-json\/wp\/v2\/media?parent=1502"}],"curies":[{"name":"wp","href":"https:\/\/api.w.org\/{rel}","templated":true}]}}