{"id":1525,"date":"2022-04-08T09:35:20","date_gmt":"2022-04-08T09:35:20","guid":{"rendered":"https:\/\/www.talecsystem.com\/sobre-nosaltres-2\/"},"modified":"2022-04-08T09:38:43","modified_gmt":"2022-04-08T09:38:43","slug":"sobre-nosaltres-2","status":"publish","type":"page","link":"https:\/\/www.talecsystem.com\/ca\/sobre-nosaltres-2\/","title":{"rendered":"Sobre nosaltres"},"content":{"rendered":"\t\t<div data-elementor-type=\"wp-page\" data-elementor-id=\"1525\" class=\"elementor elementor-1525 elementor-1520\">\n\t\t\t\t\t\t<section class=\"elementor-section elementor-top-section elementor-element elementor-element-d7c2742 elementor-section-boxed elementor-section-height-default elementor-section-height-default\" data-id=\"d7c2742\" data-element_type=\"section\">\n\t\t\t\t\t\t<div class=\"elementor-container elementor-column-gap-default\">\n\t\t\t\t\t<div class=\"elementor-column elementor-col-50 elementor-top-column elementor-element elementor-element-141b442\" data-id=\"141b442\" data-element_type=\"column\">\n\t\t\t<div class=\"elementor-widget-wrap elementor-element-populated\">\n\t\t\t\t\t\t<div class=\"elementor-element elementor-element-cad1b20 elementor-widget elementor-widget-html\" data-id=\"cad1b20\" data-element_type=\"widget\" data-widget_type=\"html.default\">\n\t\t\t\t<div class=\"elementor-widget-container\">\n\t\t\t\t\t<br>\n<h1>Sobre nosaltres, <strong>en poques paraules.<\/strong><\/h1>\n<br>\n<h3><\/h3><p><strong>Talec System<\/strong> , est\u00e0 format per un equip d'especialistes en diversos sectors, que t'ajudaran a redefinir all\u00f2 que pots arribar a aconseguir en el teu negoci\/empresa o servei, amb la nostra soluci\u00f3.<\/p>\n\n<p>Molts anys d'experi\u00e8ncia sent punters a cadascun d'aquests sectors que formen l'equip, des dels desenvolupadors, comercialitzadors, log\u00edstics, financers, dissenyadors i d'altres.<\/p>\n\n<p>Volem facilitar als aut\u00f2noms ia les pimes una eina accessible que els permeti digitalitzar\/transformar digitalment els seus negocis i competir en igualtat de condicions als mercats locals i globals.<\/p>\t\t\t\t<\/div>\n\t\t\t\t<\/div>\n\t\t\t\t\t<\/div>\n\t\t<\/div>\n\t\t\t\t<div class=\"elementor-column elementor-col-50 elementor-top-column elementor-element elementor-element-8f98fc9\" data-id=\"8f98fc9\" data-element_type=\"column\">\n\t\t\t<div class=\"elementor-widget-wrap elementor-element-populated\">\n\t\t\t\t\t\t<div class=\"elementor-element elementor-element-40e92f9 elementor-widget elementor-widget-image\" data-id=\"40e92f9\" data-element_type=\"widget\" data-widget_type=\"image.default\">\n\t\t\t\t<div class=\"elementor-widget-container\">\n\t\t\t\t\t\t\t\t\t\t\t\t\t\t\t<img fetchpriority=\"high\" decoding=\"async\" width=\"780\" height=\"780\" src=\"https:\/\/www.talecsystem.com\/wp-content\/uploads\/2020\/05\/quienes-somos1.png\" class=\"attachment-large size-large wp-image-884\" alt=\"\" srcset=\"https:\/\/www.talecsystem.com\/wp-content\/uploads\/2020\/05\/quienes-somos1.png 780w, https:\/\/www.talecsystem.com\/wp-content\/uploads\/2020\/05\/quienes-somos1-300x300.png 300w, https:\/\/www.talecsystem.com\/wp-content\/uploads\/2020\/05\/quienes-somos1-150x150.png 150w, https:\/\/www.talecsystem.com\/wp-content\/uploads\/2020\/05\/quienes-somos1-768x768.png 768w, https:\/\/www.talecsystem.com\/wp-content\/uploads\/2020\/05\/quienes-somos1-146x146.png 146w, https:\/\/www.talecsystem.com\/wp-content\/uploads\/2020\/05\/quienes-somos1-50x50.png 50w, https:\/\/www.talecsystem.com\/wp-content\/uploads\/2020\/05\/quienes-somos1-75x75.png 75w, https:\/\/www.talecsystem.com\/wp-content\/uploads\/2020\/05\/quienes-somos1-85x85.png 85w, https:\/\/www.talecsystem.com\/wp-content\/uploads\/2020\/05\/quienes-somos1-80x80.png 80w\" sizes=\"(max-width:767px) 480px, (max-width:780px) 100vw, 780px\" \/>\t\t\t\t\t\t\t\t\t\t\t\t\t\t\t<\/div>\n\t\t\t\t<\/div>\n\t\t\t\t\t<\/div>\n\t\t<\/div>\n\t\t\t\t\t<\/div>\n\t\t<\/section>\n\t\t\t\t<section class=\"elementor-section elementor-top-section elementor-element elementor-element-a832df1 elementor-section-boxed elementor-section-height-default elementor-section-height-default\" data-id=\"a832df1\" data-element_type=\"section\">\n\t\t\t\t\t\t<div class=\"elementor-container elementor-column-gap-default\">\n\t\t\t\t\t<div class=\"elementor-column elementor-col-100 elementor-top-column elementor-element elementor-element-1136831\" data-id=\"1136831\" data-element_type=\"column\">\n\t\t\t<div class=\"elementor-widget-wrap elementor-element-populated\">\n\t\t\t\t\t\t<div class=\"elementor-element elementor-element-c266358 elementor-widget elementor-widget-shortcode\" data-id=\"c266358\" data-element_type=\"widget\" data-widget_type=\"shortcode.default\">\n\t\t\t\t<div class=\"elementor-widget-container\">\n\t\t\t\t\t\t\t<div class=\"elementor-shortcode\"><div class=\"call_to_action\"><div class=\"call_to_action_wrapper\"><div class=\"call_left\"><h3 class=\"title \">Vols saber m\u00e9s sobre com et podem ajudar?<\/h3><\/div><div class=\"call_center\"><a href=\"https:\/\/www.talecsystem.com\/contacto\/\" class=\"\"  ><span class=\"icon_wrapper\"><i class=\"icon-mail\" aria-hidden=\"true\"><\/i><\/span><\/a><\/div><div class=\"call_right\"><div class=\"desc\">\nDes <strong>de Talec System<\/strong> estem encantats d'ajudar-te. No deixis de traslladar-nos tots els teus dubtes a trav\u00e9s de la nostra \u00e0rea de contacte i ben aviat donarem resposta a tot all\u00f2 que necessitis. Nom\u00e9s has de fer clic a la icona i emplenar el formulari.\n<\/div><\/div><\/div><\/div>\n<\/div>\n\t\t\t\t\t\t<\/div>\n\t\t\t\t<\/div>\n\t\t\t\t\t<\/div>\n\t\t<\/div>\n\t\t\t\t\t<\/div>\n\t\t<\/section>\n\t\t\t\t<\/div>\n\t\t","protected":false},"excerpt":{"rendered":"<p>Sobre nosotros,en pocas palabras. Talec System, est\u00e1 formado por un equipo de especialistas en diversos sectores, que te ayudar\u00e1n a redefinir lo que puedes llegar a<span class=\"excerpt-hellip\"> [\u2026]<\/span><\/p>\n","protected":false},"author":2,"featured_media":0,"parent":0,"menu_order":0,"comment_status":"closed","ping_status":"closed","template":"","meta":{"footnotes":""},"class_list":["post-1525","page","type-page","status-publish","hentry"],"_links":{"self":[{"href":"https:\/\/www.talecsystem.com\/ca\/wp-json\/wp\/v2\/pages\/1525","targetHints":{"allow":["GET"]}}],"collection":[{"href":"https:\/\/www.talecsystem.com\/ca\/wp-json\/wp\/v2\/pages"}],"about":[{"href":"https:\/\/www.talecsystem.com\/ca\/wp-json\/wp\/v2\/types\/page"}],"author":[{"embeddable":true,"href":"https:\/\/www.talecsystem.com\/ca\/wp-json\/wp\/v2\/users\/2"}],"replies":[{"embeddable":true,"href":"https:\/\/www.talecsystem.com\/ca\/wp-json\/wp\/v2\/comments?post=1525"}],"version-history":[{"count":0,"href":"https:\/\/www.talecsystem.com\/ca\/wp-json\/wp\/v2\/pages\/1525\/revisions"}],"wp:attachment":[{"href":"https:\/\/www.talecsystem.com\/ca\/wp-json\/wp\/v2\/media?parent=1525"}],"curies":[{"name":"wp","href":"https:\/\/api.w.org\/{rel}","templated":true}]}}