{"id":1509,"date":"2022-04-08T09:25:34","date_gmt":"2022-04-08T09:25:34","guid":{"rendered":"https:\/\/www.talecsystem.com\/missio-visio-i-qualitat-2\/"},"modified":"2022-04-08T09:31:55","modified_gmt":"2022-04-08T09:31:55","slug":"missio-visio-i-qualitat-2","status":"publish","type":"page","link":"https:\/\/www.talecsystem.com\/ca\/missio-visio-i-qualitat-2\/","title":{"rendered":"Missi\u00f3 visi\u00f3 i qualitat"},"content":{"rendered":"\t\t<div data-elementor-type=\"wp-page\" data-elementor-id=\"1509\" class=\"elementor elementor-1509 elementor-1502\">\n\t\t\t\t\t\t<section class=\"elementor-section elementor-top-section elementor-element elementor-element-554ca82 elementor-section-boxed elementor-section-height-default elementor-section-height-default\" data-id=\"554ca82\" data-element_type=\"section\">\n\t\t\t\t\t\t<div class=\"elementor-container elementor-column-gap-default\">\n\t\t\t\t\t<div class=\"elementor-column elementor-col-50 elementor-top-column elementor-element elementor-element-ae0cbcf\" data-id=\"ae0cbcf\" data-element_type=\"column\">\n\t\t\t<div class=\"elementor-widget-wrap elementor-element-populated\">\n\t\t\t\t\t\t<div class=\"elementor-element elementor-element-fe7cc05 elementor-widget elementor-widget-html\" data-id=\"fe7cc05\" data-element_type=\"widget\" data-widget_type=\"html.default\">\n\t\t\t\t<div class=\"elementor-widget-container\">\n\t\t\t\t\t<br>\n<br>\n<h1>La nostra Missi\u00f3<\/h1>\n<br>\n\n<p>El nostre principal objectiu \u00e9s oferir un nou sistema amb qu\u00e8 mitjan\u00e7ant llic\u00e8ncies d'\u00fas, mostrem <strong>solucions viables i senzilles<\/strong> al present repte de la <strong>digitalitzaci\u00f3 de processos<\/strong> en els negocis d'aut\u00f2noms, empreses i comer\u00e7os, brindant per a cadascun d'ells la soluci\u00f3 m\u00e9s adequada. a les vostres necessitats.<\/p>\n<p>\nHem creat un sistema format per solucions integrals que permet l'acc\u00e9s de forma individual o col\u00b7lectiva a un nou m\u00f3n d'oportunitats, fent als nostres clients part\u00edcips una nova forma de competir en un m\u00f3n global, per\u00f2 a trav\u00e9s de solucions locals, on el respecte a la individualitat, la singularitat i la suma desfor\u00e7os ens permeti crear un millor equilibri per configurar una societat millor.<\/p>\t\t\t\t<\/div>\n\t\t\t\t<\/div>\n\t\t\t\t\t<\/div>\n\t\t<\/div>\n\t\t\t\t<div class=\"elementor-column elementor-col-50 elementor-top-column elementor-element elementor-element-14feafd\" data-id=\"14feafd\" data-element_type=\"column\">\n\t\t\t<div class=\"elementor-widget-wrap elementor-element-populated\">\n\t\t\t\t\t\t<div class=\"elementor-element elementor-element-9511c8c elementor-widget elementor-widget-image\" data-id=\"9511c8c\" data-element_type=\"widget\" data-widget_type=\"image.default\">\n\t\t\t\t<div class=\"elementor-widget-container\">\n\t\t\t\t\t\t\t\t\t\t\t\t\t\t\t<img fetchpriority=\"high\" decoding=\"async\" width=\"780\" height=\"780\" src=\"https:\/\/www.talecsystem.com\/wp-content\/uploads\/2020\/05\/mision-vision-image.png\" class=\"attachment-large size-large wp-image-908\" alt=\"\" srcset=\"https:\/\/www.talecsystem.com\/wp-content\/uploads\/2020\/05\/mision-vision-image.png 780w, https:\/\/www.talecsystem.com\/wp-content\/uploads\/2020\/05\/mision-vision-image-300x300.png 300w, https:\/\/www.talecsystem.com\/wp-content\/uploads\/2020\/05\/mision-vision-image-150x150.png 150w, https:\/\/www.talecsystem.com\/wp-content\/uploads\/2020\/05\/mision-vision-image-768x768.png 768w, https:\/\/www.talecsystem.com\/wp-content\/uploads\/2020\/05\/mision-vision-image-146x146.png 146w, https:\/\/www.talecsystem.com\/wp-content\/uploads\/2020\/05\/mision-vision-image-50x50.png 50w, https:\/\/www.talecsystem.com\/wp-content\/uploads\/2020\/05\/mision-vision-image-75x75.png 75w, https:\/\/www.talecsystem.com\/wp-content\/uploads\/2020\/05\/mision-vision-image-85x85.png 85w, https:\/\/www.talecsystem.com\/wp-content\/uploads\/2020\/05\/mision-vision-image-80x80.png 80w\" sizes=\"(max-width:767px) 480px, (max-width:780px) 100vw, 780px\" \/>\t\t\t\t\t\t\t\t\t\t\t\t\t\t\t<\/div>\n\t\t\t\t<\/div>\n\t\t\t\t\t<\/div>\n\t\t<\/div>\n\t\t\t\t\t<\/div>\n\t\t<\/section>\n\t\t\t\t<section class=\"elementor-section elementor-top-section elementor-element elementor-element-c5cf240 elementor-section-boxed elementor-section-height-default elementor-section-height-default\" data-id=\"c5cf240\" data-element_type=\"section\">\n\t\t\t\t\t\t<div class=\"elementor-container elementor-column-gap-default\">\n\t\t\t\t\t<div class=\"elementor-column elementor-col-50 elementor-top-column elementor-element elementor-element-2173f8a\" data-id=\"2173f8a\" data-element_type=\"column\">\n\t\t\t<div class=\"elementor-widget-wrap elementor-element-populated\">\n\t\t\t\t\t\t<div class=\"elementor-element elementor-element-8c18a81 elementor-widget elementor-widget-image\" data-id=\"8c18a81\" data-element_type=\"widget\" data-widget_type=\"image.default\">\n\t\t\t\t<div class=\"elementor-widget-container\">\n\t\t\t\t\t\t\t\t\t\t\t\t\t\t\t<img decoding=\"async\" width=\"780\" height=\"780\" src=\"https:\/\/www.talecsystem.com\/wp-content\/uploads\/2020\/05\/vision.png\" class=\"attachment-large size-large wp-image-912\" alt=\"\" srcset=\"https:\/\/www.talecsystem.com\/wp-content\/uploads\/2020\/05\/vision.png 780w, https:\/\/www.talecsystem.com\/wp-content\/uploads\/2020\/05\/vision-300x300.png 300w, https:\/\/www.talecsystem.com\/wp-content\/uploads\/2020\/05\/vision-150x150.png 150w, https:\/\/www.talecsystem.com\/wp-content\/uploads\/2020\/05\/vision-768x768.png 768w, https:\/\/www.talecsystem.com\/wp-content\/uploads\/2020\/05\/vision-146x146.png 146w, https:\/\/www.talecsystem.com\/wp-content\/uploads\/2020\/05\/vision-50x50.png 50w, https:\/\/www.talecsystem.com\/wp-content\/uploads\/2020\/05\/vision-75x75.png 75w, https:\/\/www.talecsystem.com\/wp-content\/uploads\/2020\/05\/vision-85x85.png 85w, https:\/\/www.talecsystem.com\/wp-content\/uploads\/2020\/05\/vision-80x80.png 80w\" sizes=\"(max-width:767px) 480px, (max-width:780px) 100vw, 780px\" \/>\t\t\t\t\t\t\t\t\t\t\t\t\t\t\t<\/div>\n\t\t\t\t<\/div>\n\t\t\t\t\t<\/div>\n\t\t<\/div>\n\t\t\t\t<div class=\"elementor-column elementor-col-50 elementor-top-column elementor-element elementor-element-4575194\" data-id=\"4575194\" data-element_type=\"column\">\n\t\t\t<div class=\"elementor-widget-wrap elementor-element-populated\">\n\t\t\t\t\t\t<div class=\"elementor-element elementor-element-fd93cc2 elementor-widget elementor-widget-html\" data-id=\"fd93cc2\" data-element_type=\"widget\" data-widget_type=\"html.default\">\n\t\t\t\t<div class=\"elementor-widget-container\">\n\t\t\t\t\t<br>\n<h1>La nostra Visi\u00f3<\/h1>\n<br>\n\nEl nostre comprom\u00eds m\u00e9s gran \u00e9s el respecte a l'esfor\u00e7 de cadascun dels nostres aut\u00f2noms i petites empreses, que cada dia han de competir en mercats globals sota les directrius de sistemes desiguals. Ens permetem dissenyar un sistema m\u00e9s din\u00e0mic que afavoreixi la igualtat de condicions i el respecte pels qui aporten una identitat pr\u00f2pia i marquen la difer\u00e8ncia. Un lloc on cadasc\u00fa pugui gestionar i prendre les decisions que millor s'adaptin a la seva activitat, amb un acc\u00e9s a les dades reals i que permetin con\u00e8ixer les caracter\u00edstiques dels que consumeixen els seus productes i serveis. Un espai on la demanda de la transformaci\u00f3 digital dels comer\u00e7os i empreses tradicionals sigui possible i f\u00e0cilment acometible.\n\t\t\t\t<\/div>\n\t\t\t\t<\/div>\n\t\t\t\t\t<\/div>\n\t\t<\/div>\n\t\t\t\t\t<\/div>\n\t\t<\/section>\n\t\t\t\t<section class=\"elementor-section elementor-top-section elementor-element elementor-element-1f5c764 elementor-section-boxed elementor-section-height-default elementor-section-height-default\" data-id=\"1f5c764\" data-element_type=\"section\">\n\t\t\t\t\t\t<div class=\"elementor-container elementor-column-gap-default\">\n\t\t\t\t\t<div class=\"elementor-column elementor-col-50 elementor-top-column elementor-element elementor-element-c330e4a\" data-id=\"c330e4a\" data-element_type=\"column\">\n\t\t\t<div class=\"elementor-widget-wrap elementor-element-populated\">\n\t\t\t\t\t\t<div class=\"elementor-element elementor-element-2f2580a elementor-widget elementor-widget-html\" data-id=\"2f2580a\" data-element_type=\"widget\" data-widget_type=\"html.default\">\n\t\t\t\t<div class=\"elementor-widget-container\">\n\t\t\t\t\t<br>\n<br>\n<h1>Qualitat<\/h1>\n<br>\n\nLa qualitat i seguretat s\u00f3n un dels nostres pilars. \u00c9s important per a nosaltres que els professionals que adopten el nostre sistema puguin confiar-hi i centrar-se plenament en el transcurs de la seva activitat i la seva tasca di\u00e0ria. Per aix\u00f2, garantim el compliment de les normatives, aliment\u00e0ries, de consum, fiscals i de protecci\u00f3 de dades, aix\u00ed com la seguretat en el transport, la tra\u00e7abilitat en les operacions, o els mitjans de pagament, a m\u00e9s de l'adequaci\u00f3\/adaptaci\u00f3 a les futures noves normatives que s'hagin de complir per exercir el comer\u00e7 electr\u00f2nic.\t\t\t\t<\/div>\n\t\t\t\t<\/div>\n\t\t\t\t\t<\/div>\n\t\t<\/div>\n\t\t\t\t<div class=\"elementor-column elementor-col-50 elementor-top-column elementor-element elementor-element-b21d22d\" data-id=\"b21d22d\" data-element_type=\"column\">\n\t\t\t<div class=\"elementor-widget-wrap elementor-element-populated\">\n\t\t\t\t\t\t<div class=\"elementor-element elementor-element-6024ba0 elementor-widget elementor-widget-image\" data-id=\"6024ba0\" data-element_type=\"widget\" data-widget_type=\"image.default\">\n\t\t\t\t<div class=\"elementor-widget-container\">\n\t\t\t\t\t\t\t\t\t\t\t\t\t\t\t<img decoding=\"async\" width=\"780\" height=\"780\" src=\"https:\/\/www.talecsystem.com\/wp-content\/uploads\/2020\/05\/calidad.png\" class=\"attachment-large size-large wp-image-916\" alt=\"\" srcset=\"https:\/\/www.talecsystem.com\/wp-content\/uploads\/2020\/05\/calidad.png 780w, https:\/\/www.talecsystem.com\/wp-content\/uploads\/2020\/05\/calidad-300x300.png 300w, https:\/\/www.talecsystem.com\/wp-content\/uploads\/2020\/05\/calidad-150x150.png 150w, https:\/\/www.talecsystem.com\/wp-content\/uploads\/2020\/05\/calidad-768x768.png 768w, https:\/\/www.talecsystem.com\/wp-content\/uploads\/2020\/05\/calidad-146x146.png 146w, https:\/\/www.talecsystem.com\/wp-content\/uploads\/2020\/05\/calidad-50x50.png 50w, https:\/\/www.talecsystem.com\/wp-content\/uploads\/2020\/05\/calidad-75x75.png 75w, https:\/\/www.talecsystem.com\/wp-content\/uploads\/2020\/05\/calidad-85x85.png 85w, https:\/\/www.talecsystem.com\/wp-content\/uploads\/2020\/05\/calidad-80x80.png 80w\" sizes=\"(max-width:767px) 480px, (max-width:780px) 100vw, 780px\" \/>\t\t\t\t\t\t\t\t\t\t\t\t\t\t\t<\/div>\n\t\t\t\t<\/div>\n\t\t\t\t\t<\/div>\n\t\t<\/div>\n\t\t\t\t\t<\/div>\n\t\t<\/section>\n\t\t\t\t<section class=\"elementor-section elementor-top-section elementor-element elementor-element-e549bab elementor-section-boxed elementor-section-height-default elementor-section-height-default\" data-id=\"e549bab\" data-element_type=\"section\">\n\t\t\t\t\t\t<div class=\"elementor-container elementor-column-gap-default\">\n\t\t\t\t\t<div class=\"elementor-column elementor-col-100 elementor-top-column elementor-element elementor-element-c2e0309\" data-id=\"c2e0309\" data-element_type=\"column\">\n\t\t\t<div class=\"elementor-widget-wrap elementor-element-populated\">\n\t\t\t\t\t\t<div class=\"elementor-element elementor-element-7168698 elementor-widget elementor-widget-shortcode\" data-id=\"7168698\" data-element_type=\"widget\" data-widget_type=\"shortcode.default\">\n\t\t\t\t<div class=\"elementor-widget-container\">\n\t\t\t\t\t\t\t<div class=\"elementor-shortcode\"><div class=\"call_to_action\"><div class=\"call_to_action_wrapper\"><div class=\"call_left\"><h3 class=\"title \">Vols saber m\u00e9s sobre com et podem ajudar?<\/h3><\/div><div class=\"call_center\"><a href=\"https:\/\/www.talecsystem.com\/contacto\/\" class=\"\"  ><span class=\"icon_wrapper\"><i class=\"icon-mail\" aria-hidden=\"true\"><\/i><\/span><\/a><\/div><div class=\"call_right\"><div class=\"desc\">\nDes <strong>de Talec System<\/strong> estem encantats d'ajudar-te. No deixis de traslladar-nos tots els teus dubtes a trav\u00e9s de la nostra \u00e0rea de contacte i ben aviat donarem resposta a tot all\u00f2 que necessitis. Nom\u00e9s has de fer clic a la icona i emplenar el formulari.\n<\/div><\/div><\/div><\/div>\n<\/div>\n\t\t\t\t\t\t<\/div>\n\t\t\t\t<\/div>\n\t\t\t\t\t<\/div>\n\t\t<\/div>\n\t\t\t\t\t<\/div>\n\t\t<\/section>\n\t\t\t\t<\/div>\n\t\t","protected":false},"excerpt":{"rendered":"<p>Nuestra Misi\u00f3n Nuestro principal objetivo es ofrecer un novedoso sistema con el que mediante de licencias de uso, mostremos soluciones viables y sencillas al presente reto<span class=\"excerpt-hellip\"> [\u2026]<\/span><\/p>\n","protected":false},"author":2,"featured_media":0,"parent":0,"menu_order":0,"comment_status":"closed","ping_status":"closed","template":"","meta":{"footnotes":""},"class_list":["post-1509","page","type-page","status-publish","hentry"],"_links":{"self":[{"href":"https:\/\/www.talecsystem.com\/ca\/wp-json\/wp\/v2\/pages\/1509","targetHints":{"allow":["GET"]}}],"collection":[{"href":"https:\/\/www.talecsystem.com\/ca\/wp-json\/wp\/v2\/pages"}],"about":[{"href":"https:\/\/www.talecsystem.com\/ca\/wp-json\/wp\/v2\/types\/page"}],"author":[{"embeddable":true,"href":"https:\/\/www.talecsystem.com\/ca\/wp-json\/wp\/v2\/users\/2"}],"replies":[{"embeddable":true,"href":"https:\/\/www.talecsystem.com\/ca\/wp-json\/wp\/v2\/comments?post=1509"}],"version-history":[{"count":0,"href":"https:\/\/www.talecsystem.com\/ca\/wp-json\/wp\/v2\/pages\/1509\/revisions"}],"wp:attachment":[{"href":"https:\/\/www.talecsystem.com\/ca\/wp-json\/wp\/v2\/media?parent=1509"}],"curies":[{"name":"wp","href":"https:\/\/api.w.org\/{rel}","templated":true}]}}