{"id":1097,"date":"2020-05-27T17:32:43","date_gmt":"2020-05-27T17:32:43","guid":{"rendered":"https:\/\/www.talecsystem.com\/avis-legal\/"},"modified":"2020-05-27T17:32:43","modified_gmt":"2020-05-27T17:32:43","slug":"avis-legal","status":"publish","type":"page","link":"https:\/\/www.talecsystem.com\/ca\/avis-legal\/","title":{"rendered":"Av\u00eds legal"},"content":{"rendered":"<header>\n<h2>Av\u00eds legal i termes d&#8217;\u00fas<\/h2>\n<\/header>\n<div class=\"\">\n<div class=\"\">\n<p class=\"ng-binding\">En aquest espai, l&#8217;USUARI podr\u00e0 trobar tota la informaci\u00f3 relativa als termes i condicions legals que defineixen les relacions entre els usuaris i nosaltres com a responsables d&#8217;aquesta web. Com a usuari, \u00e9s important que coneguis aquests termes abans de continuar la teva navegaci\u00f3. Pandorga WM SLCom a responsable d&#8217;aquesta web, assumeix el comprom\u00eds de processar la informaci\u00f3 dels nostres usuaris i clients amb plenes garanties i complir els requisits nacionals i europeus que regulen la recopilaci\u00f3 i l&#8217;\u00fas de les dades personals dels nostres usuaris. Aquesta web, per tant, compleix rigorosament amb el RGPD (REGLAMENT (UE) 2016\/679 de protecci\u00f3 de dades) i la LSSI-CE la Llei 34\/2002, de 11 de juliol, de serveis de la societat de la informaci\u00f3 i de comer\u00e7 electr\u00f2nic.<\/p>\n<h3>CONDICIONS GENERALS D&#8217;\u00daS<\/h3>\n<p class=\"ng-binding\">Aquestes Condicions Generals regulen l&#8217;\u00fas (incloent-hi el mer acc\u00e9s) de les p\u00e0gines de la web, integrants del lloc web de www.talecsystem.com inclosos els continguts i serveis posats a disposici\u00f3 en elles. Tota persona que accedeixi a la web, www.talecsystem.com (\u201cUsuari\u201d) accepta sotmetre&#8217;s a les Condicions Generals vigents a cada moment del portal www.talecsystem.com.<\/p>\n<h3>DADES PERSONALS QUE RECABEM I COM HO FEM<\/h3>\n<p>Llegir <a href=\"https:\/\/www.talecsystem.com\/ca\/politica-de-privadesa\/\">Pol\u00edtica de Privadesa<\/a><\/p>\n<h3>COMPROMISOS I OBLIGACIONS DELS USUARIS<\/h3>\n<p class=\"ng-binding\">L&#8217;Usuari queda informat, i accepta, que l&#8217;acc\u00e9s a la present web no suposa, de cap manera, l&#8217;inici d&#8217;una relaci\u00f3 comercial amb www.talecsystem.com. D&#8217;aquesta manera, l&#8217;usuari es compromet a utilitzar el lloc web, els seus serveis i continguts sense contravenir la legislaci\u00f3 vigent, la bona fe i l&#8217;ordre p\u00fablic.<br \/>\nQueda prohibit l&#8217;\u00fas de la web, amb finalitats il\u00b7l\u00edcites o lesives, o que, de qualsevol manera, puguin causar perjudici o impedir el funcionament normal del lloc web. Respecte dels continguts d&#8217;aquesta web, es prohibeix: La seva reproducci\u00f3, distribuci\u00f3 o modificaci\u00f3, total o parcial, llevat que es compti amb l&#8217;autoritzaci\u00f3 dels seus leg\u00edtims titulars; Qualsevol vulneraci\u00f3 dels drets del prestador o dels leg\u00edtims titulars; per a fins comercials o publicitaris.<\/p>\n<p>En la utilitzaci\u00f3 de la web, www.talecsystem.com, l&#8217;Usuari es compromet a no dur a terme cap conducta que pogu\u00e9s fer malb\u00e9 la imatge, els interessos i els drets de www.talecsystem.com o de tercers o que pogu\u00e9s fer malb\u00e9, inutilitzar o sobrecarregar el portal (indicar domini) o que imped\u00eds, de qualsevol manera, la utilitzaci\u00f3 normal de la web. No obstant aix\u00f2, l&#8217;Usuari ha de ser conscient que les mesures de seguretat dels sistemes inform\u00e0tics a Internet no s\u00f3n completament fiables i que, per tant, www.talecsystem.com no pot garantir la inexist\u00e8ncia de virus o altres elements que puguin produir alteracions en els sistemes inform\u00e0tics (programari i maquinari) de l&#8217;Usuari o als seus documents electr\u00f2nics i fitxers continguts en aquests.<\/p>\n<h3>MESURES DE SEGURETAT<\/h3>\n<p class=\"ng-binding\">Les dades personals comunicades per l&#8217;usuari a www.talecsystem.com poden estar emmagatzemades en bases de dades automatitzades o no, la titularitat de les quals correspon en exclusiva a www.talecsystem.com, assumint aquesta totes les mesures d&#8217;\u00edndole t\u00e8cnica, organitzativa i de seguretat que garanteixen la confidencialitat, integritat i qualitat de la informaci\u00f3 que cont\u00e9 d&#8217;acord amb el que estableix la normativa vigent en protecci\u00f3 de dades.<br \/>\nLa comunicaci\u00f3 entre els usuaris i www.talecsystem.com utilitza un canal segur, i les dades transmeses s\u00f3n xifrades gr\u00e0cies a protocols a https, per tant garantim les millors condicions de seguretat perqu\u00e8 la confidencialitat dels usuaris estigui garantida.<\/p>\n<h3>RECLAMACIONS<\/h3>\n<p class=\"ng-binding\">www.talecsystem.com informa que hi ha fulls de reclamaci\u00f3 a disposici\u00f3 d&#8217;usuaris i clients. L&#8217;Usuari podr\u00e0 realitzar reclamacions sol\u00b7licitant el seu full de reclamaci\u00f3 o remetent un correu electr\u00f2nic a <a class=\"ng-binding\" href=\"mailto:info@talecsystem.com\">info@talecsystem.com<\/a> indicant-ne el nom i els cognoms, el servei i\/o producte adquirit i exposant els motius de la seva reclamaci\u00f3.<\/p>\n<p>L&#8217;usuari\/comprador podr\u00e0 notificar-nos la reclamaci\u00f3, b\u00e9 a trav\u00e9s de correu electr\u00f2nic a: <a class=\"ng-binding\" href=\"mailto:info@talecsystem.com\">info@talecsystem.com<\/a> , si ho desitja adjuntant el seg\u00fcent formulari de reclamaci\u00f3: El servei\/producte: Adquirit el dia: Nom de l&#8217;usuari: Domicili de l&#8217;usuari: Signatura de l&#8217;usuari (nom\u00e9s si es presenta en paper): Data: Motiu de la reclamaci\u00f3:<\/p>\n<h3>PLATAFORMA DE RESOLUCI\u00d3 DE CONFLICTES<\/h3>\n<p>Per si pot ser del teu inter\u00e8s, per sotmetre les teves reclamacions pots utilitzar tamb\u00e9 la plataforma de resoluci\u00f3 de litigis que facilita la Comissi\u00f3 Europea i que es troba disponible al seg\u00fcent enlla\u00e7: <a href=\"http:\/\/ec.europa.eu\/consumers\/odr\/\" rel=\"no-follow\">http:\/\/ec.europa.eu\/consumers\/odr\/<\/a><\/p>\n<h3>DRETS DE PROPIETAT INTEL\u00b7LECTUAL I INDUSTRIAL<\/h3>\n<p class=\"ng-binding\">En virtut del que disposen els articles 8 i 32.1, par\u00e0graf segon, de la Llei de Propietat Intel\u00b7lectual, queden expressament prohibides la reproducci\u00f3, la distribuci\u00f3 i la comunicaci\u00f3 p\u00fablica, inclosa la seva modalitat de posada a disposici\u00f3, de la totalitat o part dels continguts d&#8217;aquesta p\u00e0gina web, amb finalitats comercials, a qualsevol suport i per qualsevol mitj\u00e0 t\u00e8cnic, sense l&#8217;autoritzaci\u00f3 de www.talecsystem.com. L&#8217;usuari es compromet a respectar els drets de propietat intel\u00b7lectual i industrial titularitat de www.talecsystem.com.<br \/>\nL&#8217;usuari coneix i accepta que la totalitat del lloc web, contenint sense car\u00e0cter exhaustiu el text, programari, continguts (incloent-hi estructura, selecci\u00f3, ordenaci\u00f3 i presentaci\u00f3 dels mateixos) podcast, fotografies, material audiovisual i gr\u00e0fics, est\u00e0 protegida per marques, drets d&#8217;autor i altres drets leg\u00edtims, d&#8217;acord amb els tractats internacionals on Espanya \u00e9s part i altres drets de propietat i lleis d&#8217;Espanya. En el cas que un usuari o un tercer considerin que s&#8217;ha produ\u00eft una violaci\u00f3 dels seus drets de propietat intel\u00b7lectual leg\u00edtims per la introducci\u00f3 d&#8217;un determinat contingut a la web, haur\u00e0 de notificar aquesta circumst\u00e0ncia a www.talecsystem.com indicant:<\/p>\n<ul>\n<li>Dades personals de linteressat titular dels drets presumptament infringits, o indicar la representaci\u00f3 amb qu\u00e8 actua en cas que la reclamaci\u00f3 la presenti un tercer diferent de linteressat.<\/li>\n<li>Assenyalar els continguts protegits pels drets de propietat intel\u00b7lectual i la seva ubicaci\u00f3 a la web, l&#8217;acreditaci\u00f3 dels drets de propietat intel\u00b7lectual assenyalats i declaraci\u00f3 expressa en qu\u00e8 l&#8217;interessat es responsabilitza de la veracitat de les informacions facilitades a la notificaci\u00f3<\/li>\n<\/ul>\n<h3>ENLLA\u00c7OS EXTERNS<\/h3>\n<p class=\"ng-binding\">Les p\u00e0gines de la web www.talecsystem.com podria proporcionar enlla\u00e7os a altres llocs web propis i continguts que s\u00f3n propietat de tercers. L&#8217;\u00fanic objecte dels enlla\u00e7os \u00e9s proporcionar a l&#8217;Usuari la possibilitat d&#8217;accedir-hi. www.talecsystem.com no es responsabilitza en cap cas dels resultats que puguin derivar-se a l&#8217;Usuari per acc\u00e9s a aquests enlla\u00e7os.<br \/>\nAix\u00ed mateix, l&#8217;usuari trobar\u00e0 dins d&#8217;aquest lloc web, p\u00e0gines, promocions, programes d&#8217;afiliats que accedeixen als h\u00e0bits de navegaci\u00f3 dels usuaris per establir perfils. Aquesta informaci\u00f3 sempre \u00e9s an\u00f2nima i no s&#8217;identifica l&#8217;usuari.<\/p>\n<p>La informaci\u00f3 que es proporcioni en aquests Llocs patrocinat o enlla\u00e7os d&#8217;afiliats est\u00e0 subjecta a les pol\u00edtiques de privadesa que s&#8217;utilitzin en aquests Llocs i no estar\u00e0 subjecta a aquesta pol\u00edtica de privadesa. Per aix\u00f2 recomanem \u00e0mpliament als Usuaris a revisar detalladament les pol\u00edtiques de privadesa dels enlla\u00e7os d&#8217;afiliat.<br \/>\nL&#8217;Usuari que es proposi establir qualsevol dispositiu t\u00e8cnic d&#8217;enlla\u00e7 des del lloc web al portal www.talecsystem.com haur\u00e0 d&#8217;obtenir l&#8217;autoritzaci\u00f3 pr\u00e8via i escrita de www.talecsystem.com L&#8217;establiment de l&#8217;enlla\u00e7 no implica en cap cas l&#8217;exist\u00e8ncia de relacions entre www .talecsystem.com i el propietari del lloc on s&#8217;estableixi l&#8217;enlla\u00e7, ni l&#8217;acceptaci\u00f3 o aprovaci\u00f3 per part de www.talecsystem.com dels seus continguts o serveis<\/p>\n<h3>POL\u00cdTICA DE COMENTARIS<\/h3>\n<p>A la nostra web i es permeten realitzar comentaris per enriquir els continguts i fer consultes. No s&#8217;admetran comentaris que no estiguin relacionats amb la tem\u00e0tica d&#8217;aquesta web, que incloguin difamacions, greuges, insults, atacs personals o faltes de respecte en general cap a l&#8217;autor o altres membres. Tamb\u00e9 seran suprimits els comentaris que continguin informaci\u00f3 que sigui \u00f2bviament enganyosa o falsa, aix\u00ed com els comentaris que continguin informaci\u00f3 personal, com ara domicilis privats o tel\u00e8fons i que vulnerin la nostra pol\u00edtica de protecci\u00f3 de dades.<br \/>\nEs desestimar\u00e0, igualment, aquells comentaris creats nom\u00e9s amb finalitats promocionals d&#8217;una web, persona o col\u00b7lectiu i tot el que pugui ser considerat spam en general.<br \/>\nNo es permeten comentaris an\u00f2nims, aix\u00ed com aquells realitzats per una mateixa persona amb diferents sobrenoms. Tampoc no es consideraran aquells comentaris que intentin for\u00e7ar un debat o una presa de postura per un altre usuari.<\/p>\n<h3>EXCLUSI\u00d3 DE GARANTIES I RESPONSABILITAT<\/h3>\n<p>El prestador no atorga cap garantia ni es fa responsable, en cap cas, dels danys i perjudicis de qualsevol naturalesa que poguessin portar causa de:<\/p>\n<ul>\n<li>La manca de disponibilitat, manteniment i efectiu funcionament de la web, o dels seus serveis i continguts;<\/li>\n<li>L&#8217;exist\u00e8ncia de virus, programes maliciosos o lesius als continguts;<\/li>\n<li>L&#8217;\u00fas il\u00b7l\u00edcit, negligent, fraudulent o contrari a aquest Av\u00eds Legal;<\/li>\n<li>La manca de licitud, qualitat, fiabilitat, utilitat i disponibilitat dels serveis prestats per tercers i posats a disposici\u00f3 dels usuaris al lloc web.<\/li>\n<li>El prestador no es fa responsable sota cap concepte dels danys que poguessin dimanar de l\u00fas il\u00b7legal o indegut de la present p\u00e0gina web.<\/li>\n<\/ul>\n<h3>LLEI APLICABLE I JURISDICCI\u00d3<\/h3>\n<p class=\"ng-binding\">Amb car\u00e0cter general les relacions entre www.talecsystem.com amb els usuaris dels seus serveis telem\u00e0tics, presents en aquesta web es troben sotmeses a la legislaci\u00f3 i jurisdicci\u00f3 espanyoles i als tribunals.<\/p>\n<h3>CONTACTE<\/h3>\n<p class=\"ng-binding\">En cas que qualsevol Usuari tingu\u00e9s algun dubte sobre aquestes Condicions legals o qualsevol comentari sobre el portal www.talecsystem.com, si us plau dirigiu-vos a <a class=\"ng-binding\" href=\"mailto:info@talecsystem.com\">info@talecsystem.com<\/a><\/p>\n<p class=\"ng-binding\">De part de l&#8217;equip que formem Pandorga WM SL t&#8217;agra\u00efm el temps dedicat a llegir aquest Av\u00eds Legal<\/p>\n<\/div>\n<p>&nbsp;<\/p>\n<p>&nbsp;<\/p>\n<\/div>\n","protected":false},"excerpt":{"rendered":"<p>Av\u00eds legal i termes d&#8217;\u00fas En aquest espai, l&#8217;USUARI podr\u00e0 trobar tota la informaci\u00f3 relativa als termes i condicions legals que defineixen les relacions entre els<span class=\"excerpt-hellip\"> [\u2026]<\/span><\/p>\n","protected":false},"author":2,"featured_media":0,"parent":0,"menu_order":0,"comment_status":"closed","ping_status":"closed","template":"","meta":{"footnotes":""},"class_list":["post-1097","page","type-page","status-publish","hentry"],"_links":{"self":[{"href":"https:\/\/www.talecsystem.com\/ca\/wp-json\/wp\/v2\/pages\/1097","targetHints":{"allow":["GET"]}}],"collection":[{"href":"https:\/\/www.talecsystem.com\/ca\/wp-json\/wp\/v2\/pages"}],"about":[{"href":"https:\/\/www.talecsystem.com\/ca\/wp-json\/wp\/v2\/types\/page"}],"author":[{"embeddable":true,"href":"https:\/\/www.talecsystem.com\/ca\/wp-json\/wp\/v2\/users\/2"}],"replies":[{"embeddable":true,"href":"https:\/\/www.talecsystem.com\/ca\/wp-json\/wp\/v2\/comments?post=1097"}],"version-history":[{"count":0,"href":"https:\/\/www.talecsystem.com\/ca\/wp-json\/wp\/v2\/pages\/1097\/revisions"}],"wp:attachment":[{"href":"https:\/\/www.talecsystem.com\/ca\/wp-json\/wp\/v2\/media?parent=1097"}],"curies":[{"name":"wp","href":"https:\/\/api.w.org\/{rel}","templated":true}]}}