{"id":1096,"date":"2020-04-07T21:40:16","date_gmt":"2020-04-07T21:40:16","guid":{"rendered":"https:\/\/www.talecsystem.com\/politica-de-privadesa\/"},"modified":"2020-04-07T21:40:16","modified_gmt":"2020-04-07T21:40:16","slug":"politica-de-privadesa","status":"publish","type":"page","link":"https:\/\/www.talecsystem.com\/ca\/politica-de-privadesa\/","title":{"rendered":"Pol\u00edtica de privadesa"},"content":{"rendered":"<header>\n<h2>PRIVACITAT<\/h2>\n<\/header>\n<div class=\"\">\n<div class=\"ng-binding\">\n<h3>Responsable \u2013 qui \u00e9s el responsable del tractament de les dades?<\/h3>\n<p><strong>Identitat:<\/strong> Pandorga WM SL<br \/>\n<strong>Domicili social:<\/strong> Cam\u00ed Oliver,1 38006 Santa Cruz de Tenerife<br \/>\n<strong class=\"ng-binding\">CIF:<\/strong> B76651637<br \/>\n<strong>Correu Electr\u00f2nic:<\/strong> info@talecsystem.com<br \/>\n<strong>Nom del domini:<\/strong> www.talecsystem.com<\/p>\n<h3>Finalitats \u2013 amb quines finalitats tractem les vostres dades?<\/h3>\n<p>En compliment del que disposa el Reglament Europeu 2016\/679 General de Protecci\u00f3 de Dades, t&#8217;informem que tractarem les dades que ens facilites per:<\/p>\n<ul>\n<li>Gestionar la contractaci\u00f3 de serveis que realitzi a trav\u00e9s de la Plataforma, aix\u00ed com la facturaci\u00f3 i entrega corresponent.<\/li>\n<li class=\"ng-binding\">Remetre peri\u00f2dicament comunicacions sobre serveis, esdeveniments i not\u00edcies relacionades amb les activitats desenvolupades per Pandorga WM SL, per qualsevol mitj\u00e0 (tel\u00e8fon, correu postal o email), llevat que s&#8217;indiqui el contrari o l&#8217;usuari se n&#8217;oposi o revoqui el consentiment.<\/li>\n<li>Remetre informaci\u00f3 comercial i\/o promocional relacionada amb el sector de serveis contractats i valor afegit per a usuaris finals, llevat que s&#8217;indiqui el contrari o l&#8217;usuari s&#8217;hi oposi o revoqui el seu consentiment.<\/li>\n<li>Donar compliment a les obligacions legalment establertes, aix\u00ed com verificar el compliment de les obligacions contractuals, inclo\u00efa la prevenci\u00f3 de frau.<\/li>\n<li>Cessi\u00f3 de dades a organismes i autoritats, sempre que siguin requerits de conformitat amb les disposicions legals i reglament\u00e0ries.<\/li>\n<\/ul>\n<h3>Categories de dades \u2013 Quines dades tractem?<\/h3>\n<p class=\"ng-binding\">Derivada de les finalitats abans esmentades, a Pandorga WM SL gestionem les seg\u00fcents categories de dades:<\/p>\n<ul>\n<li>Dades identificatives<\/li>\n<li>Metadades de comunicacions electr\u00f2niques<\/li>\n<li class=\"ng-binding\">Dades dinformaci\u00f3 comercial. En cas que l&#8217;usuari faciliti dades de tercers, manifesta comptar amb el seu consentiment i es compromet a traslladar-li la informaci\u00f3 continguda en aquesta cl\u00e0usula, eximint Pandorga WM SL de qualsevol responsabilitat en aquest sentit.<\/li>\n<li class=\"ng-binding\">Aix\u00f2 no obstant, Pandorga WM SL podr\u00e0 dur a terme les verificacions per constatar aquest fet, adoptant les mesures de dilig\u00e8ncia deguda que corresponguin, conforme a la normativa de protecci\u00f3 de dades.<\/li>\n<\/ul>\n<h3>Legitimaci\u00f3 \u2013 quina \u00e9s la legitimaci\u00f3 per al tractament de les dades?<\/h3>\n<p class=\"ng-binding\">El tractament de dades la finalitat de les quals \u00e9s l&#8217;enviament de butlletins peri\u00f2dics (newslettering) sobre serveis, esdeveniments i not\u00edcies relacionades amb la nostra activitat professional es basa en el consentiment de l&#8217;interessat, sol\u00b7licitat expressament per dur a terme aquests tractaments, d&#8217;acord amb la normativa vigent.<br \/>\nA m\u00e9s, la legitimaci\u00f3 per al tractament de les dades relacionades amb ofertes o col\u00b7laboracions es basen en el consentiment de l&#8217;usuari que remet les seves dades, que pot retirar en qualsevol moment, si b\u00e9 aix\u00f2 pot afectar la possible comunicaci\u00f3 de manera fluida i obstrucci\u00f3 de processos que voleu realitzar.<br \/>\nFinalment, les dades es podran utilitzar per donar compliment a les obligacions legals aplicables a Pandorga WM SL<\/p>\n<h3>Termini de Conservaci\u00f3 de les Dades \u2013 Per quant de temps conservarem les teves dades?<\/h3>\n<p class=\"ng-binding\">Pandorga WM SL conservar\u00e0 les dades personals dels usuaris \u00fanicament durant el temps necessari per a la realitzaci\u00f3 de les finalitats per a les quals van ser recollides, mentre no revoqui els consentiments atorgats. Posteriorment, en cas que sigui necessari, mantindr\u00e0 la informaci\u00f3 bloquejada durant els terminis legalment establerts.<\/p>\n<h3>Destinataris A quins destinataris es comunicaran les teves dades?<\/h3>\n<p class=\"ng-binding\">Les vostres dades podran ser accedides per aquells prove\u00efdors que presten serveis a Pandorga WM SL, com ara serveis d&#8217;allotjament, eines de m\u00e0rqueting i sistemes de contingut o altres professionals, quan aquesta comunicaci\u00f3 sigui necess\u00e0ria normativament, o per a l&#8217;execuci\u00f3 dels serveis contractats.<\/p>\n<p>Pandorga WM SL, ha subscrit els corresponents contractes d&#8217;enc\u00e0rrec de tractament amb cadascun dels prove\u00efdors que presten serveis a Pandorga WM SL, amb l&#8217;objectiu de garantir que aquests prove\u00efdors tractaran les teves dades de conformitat amb all\u00f2 establert a la legislaci\u00f3 vigent.<\/p>\n<p>Tamb\u00e9 poden ser cedits a les forces i els cossos de seguretat de l&#8217;Estat en els casos que hi hagi una obligaci\u00f3 legal.<\/p>\n<p>Bancs i entitats financeres per al cobrament dels serveis.<br \/>\nAdministracions p\u00fabliques amb compet\u00e8ncia als sectors d&#8217;activitat, quan aix\u00ed ho estableixi la normativa vigent.<\/p>\n<h3>Seguretat de la informaci\u00f3 \u2013 Quines mesures de seguretat implantem per cuidar les vostres dades?<\/h3>\n<p>Per protegir les diferents tipologies de dades reflectides en aquesta pol\u00edtica de privadesa dur\u00e0 a terme les mesures de seguretat t\u00e8cniques necess\u00e0ries per evitar la seva p\u00e8rdua, manipulaci\u00f3, difusi\u00f3 o alteraci\u00f3.<\/p>\n<ul>\n<li class=\"ng-binding\">Encriptaci\u00f3 de les comunicacions entre el dispositiu de l&#8217;usuari i els servidors de Pandorga WM SL<\/li>\n<li class=\"ng-binding\">Encriptaci\u00f3 de la informaci\u00f3 als propis servidors de Pandorga WM SL<\/li>\n<li>Altres mesures que evitin lacc\u00e9s a les dades de lusuari per part de tercers.<\/li>\n<li class=\"ng-binding\">En aquells casos en qu\u00e8 Pandorga WM SL compti amb prestadors de servei per al manteniment de la plataforma que es trobin fora de la Uni\u00f3 Europea, aquestes transfer\u00e8ncies internacionals s&#8217;hagin regularitzades atenent el comprom\u00eds de Pandorga WM SL amb la protecci\u00f3, integritat i seguretat de les dades personals dels usuaris.<\/li>\n<\/ul>\n<h3>Drets \u2013 Quins s\u00f3n els teus drets quan ens facilites les teves dades i com les pots exercir?<\/h3>\n<p class=\"ng-binding\">Tens dret a obtenir confirmaci\u00f3 sobre si a Pandorga WM SL estem tractant dades personals que et concerneixin, o no.<br \/>\nAix\u00ed mateix, tens dret a accedir a les teves dades personals, aix\u00ed com a sol\u00b7licitar la rectificaci\u00f3 de les dades inexactes o, si escau, sol\u00b7licitar-ne la supressi\u00f3 quan, entre altres motius, les dades ja no siguin necess\u00e0ries per als fins que van ser recollides.<\/p>\n<p>En determinades circumst\u00e0ncies, podr\u00e0s sol\u00b7licitar la limitaci\u00f3 del tractament de les teves dades, cas en qu\u00e8 \u00fanicament les conservarem per a l&#8217;exercici o la defensa de reclamacions.<br \/>\nEn determinades circumst\u00e0ncies i per motius relacionats amb la teva situaci\u00f3 particular, et podr\u00e0s oposar al tractament de les teves dades. Pandorga WM SL deixar\u00e0 de tractar les dades, tret de motius leg\u00edtims imperiosos, o l&#8217;exercici o la defensa de possibles reclamacions.<\/p>\n<p>Aix\u00ed mateix, pots exercir el dret a la portabilitat de les dades, aix\u00ed com retirar els consentiments facilitats en qualsevol moment, sense que aix\u00f2 afecti la licitud del tractament basat en el consentiment previ a la retirada.<\/p>\n<p>Si vols fer \u00fas de qualsevol dels teus drets pot adre\u00e7ar-se a <a class=\"ng-binding\" href=\"mailto:info@talecsystem.com\">info@talecsystem.com<\/a> .<\/p>\n<p>Finalment, us informem que us podeu adre\u00e7ar davant l&#8217;Ag\u00e8ncia Espanyola de Protecci\u00f3 de Dades i altres organismes p\u00fablics competents per a qualsevol reclamaci\u00f3 derivada del tractament de les vostres dades personals.<\/p>\n<h3>Modificaci\u00f3 de la pol\u00edtica de privadesa<\/h3>\n<p class=\"ng-binding\">Pandorga WM SL podr\u00e0 modificar la present Pol\u00edtica de Privadesa en qualsevol moment, sent publicades les successives versions al Lloc Web. En qualsevol cas, Pandorga WM SL comunicar\u00e0 amb av\u00eds previ les modificacions de la present pol\u00edtica que afectin els usuaris per tal que puguin acceptar-les.<\/p>\n<p>Aquesta Pol\u00edtica de Privadesa es troba actualitzada a data 27\/12\/2018 Pandorga WM SL (Espanya). Tots els drets reservats.<\/p>\n<p>Si ho desitges tamb\u00e9 pots consultar la nostra <strong><a href=\"https:\/\/www.talecsystem.com\/ca\/politica-de-galetes\/\">Pol\u00edtica de Cookies<\/a><\/strong><\/p>\n<\/div>\n<p>&nbsp;<\/p>\n<p>&nbsp;<\/p>\n<\/div>\n","protected":false},"excerpt":{"rendered":"<p>PRIVACITAT Responsable \u2013 qui \u00e9s el responsable del tractament de les dades? Identitat: Pandorga WM SL Domicili social: Cam\u00ed Oliver,1 38006 Santa Cruz de Tenerife CIF:<span class=\"excerpt-hellip\"> [\u2026]<\/span><\/p>\n","protected":false},"author":2,"featured_media":0,"parent":0,"menu_order":0,"comment_status":"closed","ping_status":"closed","template":"","meta":{"footnotes":""},"class_list":["post-1096","page","type-page","status-publish","hentry"],"_links":{"self":[{"href":"https:\/\/www.talecsystem.com\/ca\/wp-json\/wp\/v2\/pages\/1096","targetHints":{"allow":["GET"]}}],"collection":[{"href":"https:\/\/www.talecsystem.com\/ca\/wp-json\/wp\/v2\/pages"}],"about":[{"href":"https:\/\/www.talecsystem.com\/ca\/wp-json\/wp\/v2\/types\/page"}],"author":[{"embeddable":true,"href":"https:\/\/www.talecsystem.com\/ca\/wp-json\/wp\/v2\/users\/2"}],"replies":[{"embeddable":true,"href":"https:\/\/www.talecsystem.com\/ca\/wp-json\/wp\/v2\/comments?post=1096"}],"version-history":[{"count":0,"href":"https:\/\/www.talecsystem.com\/ca\/wp-json\/wp\/v2\/pages\/1096\/revisions"}],"wp:attachment":[{"href":"https:\/\/www.talecsystem.com\/ca\/wp-json\/wp\/v2\/media?parent=1096"}],"curies":[{"name":"wp","href":"https:\/\/api.w.org\/{rel}","templated":true}]}}