{"id":1076,"date":"2022-04-01T07:34:41","date_gmt":"2022-04-01T07:34:41","guid":{"rendered":"https:\/\/www.talecsystem.com\/models\/"},"modified":"2022-04-06T12:35:39","modified_gmt":"2022-04-06T12:35:39","slug":"models","status":"publish","type":"page","link":"https:\/\/www.talecsystem.com\/ca\/models\/","title":{"rendered":"Models"},"content":{"rendered":"\t\t<div data-elementor-type=\"wp-page\" data-elementor-id=\"1076\" class=\"elementor elementor-1076 elementor-602\">\n\t\t\t\t\t\t<section class=\"elementor-section elementor-top-section elementor-element elementor-element-4458e46 elementor-section-boxed elementor-section-height-default elementor-section-height-default\" data-id=\"4458e46\" data-element_type=\"section\">\n\t\t\t\t\t\t<div class=\"elementor-container elementor-column-gap-default\">\n\t\t\t\t\t<div class=\"elementor-column elementor-col-100 elementor-top-column elementor-element elementor-element-bf913f4\" data-id=\"bf913f4\" data-element_type=\"column\">\n\t\t\t<div class=\"elementor-widget-wrap elementor-element-populated\">\n\t\t\t\t\t\t<div class=\"elementor-element elementor-element-bd817c6 elementor-widget elementor-widget-text-editor\" data-id=\"bd817c6\" data-element_type=\"widget\" data-widget_type=\"text-editor.default\">\n\t\t\t\t<div class=\"elementor-widget-container\">\n\t\t\t\t\t\t\t\t\t<style>\n.texto{\nfont-size: 17px;\n}\n<\/style>\n<p class=\"texto\">Tots els nostres models compleixen les normatives europees, protecci\u00f3 a l&#8217;usuari comprador, Iva d&#8217;Internet, pla de conting\u00e8ncies. <\/p>\t\t\t\t\t\t\t\t<\/div>\n\t\t\t\t<\/div>\n\t\t\t\t<div class=\"elementor-element elementor-element-153b6b2 elementor-widget elementor-widget-html\" data-id=\"153b6b2\" data-element_type=\"widget\" data-widget_type=\"html.default\">\n\t\t\t\t<div class=\"elementor-widget-container\">\n\t\t\t\t\t<style>\n    table{\n        margin: 0px;\n    }\n    .primero th, .primero td {\n        color: #77c0ff !important;\n        font-size: 20px;\n    }\n    .check{\n        content: \"713\";\n        color: #00b347;\n    }\n    .cross{\n        content: \"92C\";\n        color: red;\n    }\n    @media screen and (max-width: 715px) {\n        table {\n            display: block;\n            overflow-x: auto;\n        }\n    }\n<\/style>\n<table class=\"default\">\n    <tr class=\"primero\">\n        <th scope=\"col\">Caracter\u00edstiques<\/th>\n        <th>Novell<\/th>\n        <th>Medium<\/th>\n        <th>Pime<\/th>\n    <\/tr>\n    <tr class=\"claro\">\n        <th>Botiga online<\/th>\n        <td>\n            <span class=\"check\">\u2713<\/span>\n        <\/td>\n        <td>\n            <span class=\"check\">\u2713<\/span>\n        <\/td>\n        <td>\n            <span class=\"check\">\u2713<\/span>\n        <\/td>\n    <\/tr>\n    <tr class=\"claro\">\n        <th>Productes il\u00b7limitats<\/th>\n        <td>\n            <span class=\"check\">\u2713<\/span>\n        <\/td>\n        <td>\n            <span class=\"check\">\u2713<\/span>\n        <\/td>\n        <td>\n            <span class=\"check\">\u2713<\/span>\n        <\/td>\n    <\/tr>\n    <tr class=\"claro\">\n        <th>Relaci\u00f3 amb clients amb imatge personalitzada<\/th>\n        <td>\n            <span class=\"check\">\u2713<\/span>\n        <\/td>\n        <td>\n            <span class=\"check\">\u2713<\/span>\n        <\/td>\n        <td>\n            <span class=\"check\">\u2713<\/span>\n        <\/td>\n    <\/tr>\n    <tr class=\"claro\">\n        <th>M\u00f2dul de comandes, online i manuals<\/th>\n        <td>\n            <span class=\"check\">\u2713<\/span>\n        <\/td>\n        <td>\n            <span class=\"check\">\u2713<\/span>\n        <\/td>\n        <td>\n            <span class=\"check\">\u2713<\/span>\n        <\/td>\n    <\/tr>\n    <tr class=\"claro\">\n        <th>Codis de descompte<\/th>\n        <td>\n            <span class=\"check\">\u2713<\/span>\n        <\/td>\n        <td>\n            <span class=\"check\">\u2713<\/span>\n        <\/td>\n        <td>\n            <span class=\"check\">\u2713<\/span>\n        <\/td>\n    <\/tr>\n\n\n    <tr class=\"claro\">\n        <th>Certificat SSL gratu\u00eft<\/th>\n        <td>\n            <span class=\"check\">\u2713<\/span>\n        <\/td>\n        <td>\n            <span class=\"check\">\u2713<\/span>\n        <\/td>\n        <td>\n            <span class=\"check\">\u2713<\/span>\n        <\/td>\n    <\/tr>\n    <tr class=\"claro\">\n        <th>Tarifa de vendes segons segment, particulars i professionals<\/th>\n        <td>\n            <span class=\"check\">\u2713<\/span>\n        <\/td>\n        <td>\n            <span class=\"check\">\u2713<\/span>\n        <\/td>\n        <td>\n            <span class=\"check\">\u2713<\/span>\n        <\/td>\n    <\/tr>\n    <tr class=\"claro\">\n        <th>Gestor documental<\/th>\n        <td>\n            <span class=\"check\">\u2713<\/span>\n        <\/td>\n        <td>\n            <span class=\"check\">\u2713<\/span>\n        <\/td>\n        <td>\n            <span class=\"check\">\u2713<\/span>\n        <\/td>\n    <\/tr>\n    <tr class=\"claro\">\n        <th>Calendari i agenda compartida<\/th>\n        <td>\n            <span class=\"check\">\u2713<\/span>\n        <\/td>\n        <td>\n            <span class=\"check\">\u2713<\/span>\n        <\/td>\n        <td>\n            <span class=\"check\">\u2713<\/span>\n        <\/td>\n    <\/tr>\n    <tr class=\"claro\">\n        <th>Tarifes d'enviament calculades per prove\u00efdors externs<\/th>\n        <td>\n            <span class=\"check\">\u2713<\/span>\n        <\/td>\n        <td>\n            <span class=\"check\">\u2713<\/span>\n        <\/td>\n        <td>\n            <span class=\"check\">\u2713<\/span>\n        <\/td>\n    <\/tr>\n    <tr class=\"claro\">\n        <th>Segmentaci\u00f3 de clients, potencials, contactes, comptes <\/th>\n        <td>\n            <span class=\"check\">\u2713<\/span>\n        <\/td>\n        <td>\n            <span class=\"check\">\u2713<\/span>\n        <\/td>\n        <td>\n            <span class=\"check\">\u2713<\/span>\n        <\/td>\n    <\/tr>\n    <tr class=\"claro\">\n        <th>Facturaci\u00f3 automatitzada<\/th>\n        <td>\n            <span class=\"check\">\u2713<\/span>\n        <\/td>\n        <td>\n            <span class=\"check\">\u2713<\/span>\n        <\/td>\n        <td>\n            <span class=\"check\">\u2713<\/span>\n        <\/td>\n    <\/tr>\n    <tr class=\"claro\">\n        <th>Creaci\u00f3 de productes f\u00edsics i virtuals<\/th>\n        <td>\n            <span class=\"check\">\u2713<\/span>\n        <\/td>\n        <td>\n            <span class=\"check\">\u2713<\/span>\n        <\/td>\n        <td>\n            <span class=\"check\">\u2713<\/span>\n        <\/td>\n    <\/tr>\n    <tr class=\"claro\">\n        <th>Gesti\u00f3 d'incid\u00e8ncies per tiquet<\/th>\n        <td>\n            <span class=\"check\">\u2713<\/span>\n        <\/td>\n        <td>\n            <span class=\"check\">\u2713<\/span>\n        <\/td>\n        <td>\n            <span class=\"check\">\u2713<\/span>\n        <\/td>\n    <\/tr>\n    <tr class=\"claro\">\n        <th>Gestion de devolucions <\/th>\n        <td>\n            <span class=\"check\">\u2713<\/span>\n        <\/td>\n        <td>\n            <span class=\"check\">\u2713<\/span>\n        <\/td>\n        <td>\n            <span class=\"check\">\u2713<\/span>\n        <\/td>\n    <\/tr>\n    <tr class=\"claro\">\n        <th>Transport de productes segons temperatura<\/th>\n        <td>\n            <span class=\"check\">\u2713<\/span>\n        <\/td>\n        <td>\n            <span class=\"check\">\u2713<\/span>\n        <\/td>\n        <td>\n            <span class=\"check\">\u2713<\/span>\n        <\/td>\n    <\/tr>\n    <tr class=\"claro\">\n        <th>Coordinaci\u00f3 d'estocs botiga f\u00edsica i virtual<\/th>\n        <td>\n            <span class=\"cross\">\u292c<\/span>\n        <\/td>\n        <td>\n            <span class=\"check\">\u2713<\/span>\n        <\/td>\n        <td>\n            <span class=\"check\">\u2713<\/span>\n        <\/td>\n    <\/tr>\n    <tr class=\"claro\">\n        <th>Gesti\u00f3 Oportunitats<\/th>\n        <td>\n            <span class=\"cross\">\u292c<\/span>\n        <\/td>\n        <td>\n            <span class=\"check\">\u2713<\/span>\n        <\/td>\n        <td>\n            <span class=\"check\">\u2713<\/span>\n        <\/td>\n    <\/tr>\n    <tr class=\"claro\">\n        <th>Recuperaci\u00f3 de carretons abandonats<\/th>\n        <td>\n            <span class=\"cross\">\u292c<\/span>\n        <\/td>\n        <td>\n            <span class=\"check\">\u2713<\/span>\n        <\/td>\n        <td>\n            <span class=\"check\">\u2713<\/span>\n        <\/td>\n    <\/tr>\n    <tr class=\"claro\">\n        <th>Targetes de regal<\/th>\n        <td>\n            <span class=\"cross\">\u292c<\/span>\n        <\/td>\n        <td>\n            <span class=\"check\">\u2713<\/span>\n        <\/td>\n        <td>\n            <span class=\"check\">\u2713<\/span>\n        <\/td>\n    <\/tr>\n    <tr class=\"claro\">\n        <th>Informes<\/th>\n        <td>\n            <span class=\"cross\">\u292c<\/span>\n        <\/td>\n        <td>\n            <span class=\"check\">\u2713<\/span>\n        <\/td>\n        <td>\n            <span class=\"check\">\u2713<\/span>\n        <\/td>\n    <\/tr>\n    <tr class=\"claro\">\n        <th>Domini i correus corporatius segons model contractat<\/th>\n        <td>\n            <span class=\"cross\">\u292c<\/span>\n        <\/td>\n        <td>\n            <span class=\"check\">\u2713<\/span>\n        <\/td>\n        <td>\n            <span class=\"check\">\u2713<\/span>\n        <\/td>\n    <\/tr>\n    <tr class=\"claro\">\n        <th>Aranzels i impostos <\/th>\n        <td>\n            <span class=\"cross\">\u292c<\/span>\n        <\/td>\n        <td>\n            <span class=\"cross\">\u292c<\/span>\n        <\/td>\n        <td>\n            <span class=\"check\">\u2713<\/span>\n        <\/td>\n    <\/tr>\n    <tr class=\"claro\">\n        <th>Personalitzaci\u00f3 de preus per mercat<\/th>\n        <td>\n            <span class=\"cross\">\u292c<\/span>\n        <\/td>\n        <td>\n            <span class=\"check\">\u2713<\/span>\n        <\/td>\n        <td>\n            <span class=\"check\">\u2713<\/span>\n        <\/td>\n    <\/tr>\n    <tr class=\"claro\">\n        <th>Treballar en divises diferents <\/th>\n        <td>\n            <span class=\"cross\">\u292c<\/span>\n        <\/td>\n        <td>\n            <span class=\"cross\">\u292c<\/span>\n        <\/td>\n        <td>\n            <span class=\"check\">\u2713<\/span>\n        <\/td>\n    <\/tr>\n\n    <!-- ----------------------------------------------------- -->\n    <tr class=\"primero\">\n        <th>M\u00f2duls<\/th>\n        <td>\n            <span><\/span>\n        <\/td>\n        <td>\n            <span><\/span>\n        <\/td>\n        <td>\n            <span><\/span>\n        <\/td>\n    <\/tr>\n    <tr class=\"claro\">\n        <th>M\u00f2dul Administratiu gesti\u00f3<\/th>\n        <td>\n            <span class=\"check\">\u2713<\/span>\n        <\/td>\n        <td>\n            <span class=\"check\">\u2713<\/span>\n        <\/td>\n        <td>\n            <span class=\"check\">\u2713<\/span>\n        <\/td>\n    <\/tr>\n    <tr class=\"claro\">\n        <th>M\u00f2dul de M\u00e0rqueting Digital<\/th>\n        <td>\n            <span class=\"check\">\u2713<\/span>\n        <\/td>\n        <td>\n            <span class=\"check\">\u2713<\/span>\n        <\/td>\n        <td>\n            <span class=\"check\">\u2713<\/span>\n        <\/td>\n    <\/tr>\n    <tr class=\"claro\">\n        <th>M\u00f2dul Financer i Comptable<\/th>\n        <td>\n            <span class=\"check\">\u2713<\/span>\n        <\/td>\n        <td>\n            <span class=\"check\">\u2713<\/span>\n        <\/td>\n        <td>\n            <span class=\"check\">\u2713<\/span>\n        <\/td>\n    <\/tr>\n    <tr class=\"claro\">\n        <th>M\u00f2dul de gesti\u00f3 magatzem i transport <\/th>\n        <td>\n            <span class=\"check\">\u2713<\/span>\n        <\/td>\n        <td>\n            <span class=\"check\">\u2713<\/span>\n        <\/td>\n        <td>\n            <span class=\"check\">\u2713<\/span>\n        <\/td>\n    <\/tr>\n    <tr class=\"claro\">\n        <th>M\u00f2dul de Gesti\u00f3 de prove\u00efdors <\/th>\n        <td>\n            <span class=\"check\">\u2713<\/span>\n        <\/td>\n        <td>\n            <span class=\"check\">\u2713<\/span>\n        <\/td>\n        <td>\n            <span class=\"check\">\u2713<\/span>\n        <\/td>\n    <\/tr>\n    <tr class=\"claro\">\n        <th>M\u00f2dul de protecci\u00f3 de dades<\/th>\n        <td>\n            <span class=\"check\">\u2713<\/span>\n        <\/td>\n        <td>\n            <span class=\"check\">\u2713<\/span>\n        <\/td>\n        <td>\n            <span class=\"check\">\u2713<\/span>\n        <\/td>\n    <\/tr>\n    <tr class=\"claro\">\n        <th>M\u00f2dul hosting<\/th>\n        <td>\n            <span class=\"cross\">\u292c<\/span>\n        <\/td>\n        <td>\n            <span class=\"check\">\u2713<\/span>\n        <\/td>\n        <td>\n            <span class=\"check\">\u2713<\/span>\n        <\/td>\n    <\/tr>\n<\/table>\t\t\t\t<\/div>\n\t\t\t\t<\/div>\n\t\t\t\t\t<\/div>\n\t\t<\/div>\n\t\t\t\t\t<\/div>\n\t\t<\/section>\n\t\t\t\t<section class=\"elementor-section elementor-top-section elementor-element elementor-element-bd6a5f6 elementor-section-boxed elementor-section-height-default elementor-section-height-default\" data-id=\"bd6a5f6\" data-element_type=\"section\">\n\t\t\t\t\t\t<div class=\"elementor-container elementor-column-gap-default\">\n\t\t\t\t\t<div class=\"elementor-column elementor-col-100 elementor-top-column elementor-element elementor-element-a2481a2\" data-id=\"a2481a2\" data-element_type=\"column\">\n\t\t\t<div class=\"elementor-widget-wrap elementor-element-populated\">\n\t\t\t\t\t\t<div class=\"elementor-element elementor-element-8219d73 elementor-widget elementor-widget-text-editor\" data-id=\"8219d73\" data-element_type=\"widget\" data-widget_type=\"text-editor.default\">\n\t\t\t\t<div class=\"elementor-widget-container\">\n\t\t\t\t\t\t\t\t\t<p><span style=\"color: var( --e-global-color-text ); letter-spacing: 0px;\">*L&#8217;apartat de m\u00f2duls es contractaran a part i s\u00f3n complementaris.<\/span><\/p>\t\t\t\t\t\t\t\t<\/div>\n\t\t\t\t<\/div>\n\t\t\t\t\t<\/div>\n\t\t<\/div>\n\t\t\t\t\t<\/div>\n\t\t<\/section>\n\t\t\t\t<\/div>\n\t\t","protected":false},"excerpt":{"rendered":"<p>Tots els nostres models compleixen les normatives europees, protecci\u00f3 a l&#8217;usuari comprador, Iva d&#8217;Internet, pla de conting\u00e8ncies. Caracter\u00edstiques Novell Medium Pime Botiga online \u2713 \u2713 \u2713<span class=\"excerpt-hellip\"> [\u2026]<\/span><\/p>\n","protected":false},"author":2,"featured_media":0,"parent":0,"menu_order":0,"comment_status":"closed","ping_status":"closed","template":"","meta":{"footnotes":""},"class_list":["post-1076","page","type-page","status-publish","hentry"],"_links":{"self":[{"href":"https:\/\/www.talecsystem.com\/ca\/wp-json\/wp\/v2\/pages\/1076","targetHints":{"allow":["GET"]}}],"collection":[{"href":"https:\/\/www.talecsystem.com\/ca\/wp-json\/wp\/v2\/pages"}],"about":[{"href":"https:\/\/www.talecsystem.com\/ca\/wp-json\/wp\/v2\/types\/page"}],"author":[{"embeddable":true,"href":"https:\/\/www.talecsystem.com\/ca\/wp-json\/wp\/v2\/users\/2"}],"replies":[{"embeddable":true,"href":"https:\/\/www.talecsystem.com\/ca\/wp-json\/wp\/v2\/comments?post=1076"}],"version-history":[{"count":0,"href":"https:\/\/www.talecsystem.com\/ca\/wp-json\/wp\/v2\/pages\/1076\/revisions"}],"wp:attachment":[{"href":"https:\/\/www.talecsystem.com\/ca\/wp-json\/wp\/v2\/media?parent=1076"}],"curies":[{"name":"wp","href":"https:\/\/api.w.org\/{rel}","templated":true}]}}